{"id":591,"date":"2024-10-27T19:04:29","date_gmt":"2024-10-27T19:04:29","guid":{"rendered":"https:\/\/maparentalite-emois.fr\/?page_id=591"},"modified":"2024-11-20T20:56:54","modified_gmt":"2024-11-20T20:56:54","slug":"anniversaire","status":"publish","type":"page","link":"https:\/\/maparentalite-emois.fr\/index.php\/anniversaire\/","title":{"rendered":"Anniversaire"},"content":{"rendered":"\t\t<div data-elementor-type=\"wp-page\" data-elementor-id=\"591\" class=\"elementor elementor-591\">\n\t\t\t\t<div class=\"elementor-element elementor-element-bd179ac e-flex e-con-boxed e-con e-parent\" data-id=\"bd179ac\" data-element_type=\"container\" data-e-type=\"container\">\n\t\t\t\t\t<div class=\"e-con-inner\">\n\t\t<div class=\"elementor-element elementor-element-b2ecfdf e-con-full e-flex e-con e-child\" data-id=\"b2ecfdf\" data-element_type=\"container\" data-e-type=\"container\">\n\t\t\t\t<div class=\"elementor-element elementor-element-89f6efd elementor-widget elementor-widget-heading\" data-id=\"89f6efd\" data-element_type=\"widget\" data-e-type=\"widget\" data-widget_type=\"heading.default\">\n\t\t\t\t<div class=\"elementor-widget-container\">\n\t\t\t\t\t<h2 class=\"elementor-heading-title elementor-size-default\"><b>Anniversaires-Go\u00fbters-Rencontres parents-enfants...<\/b><\/h2>\t\t\t\t<\/div>\n\t\t\t\t<\/div>\n\t\t\t\t<div class=\"elementor-element elementor-element-0c98604 elementor-widget elementor-widget-text-editor\" data-id=\"0c98604\" data-element_type=\"widget\" data-e-type=\"widget\" data-widget_type=\"text-editor.default\">\n\t\t\t\t<div class=\"elementor-widget-container\">\n\t\t\t\t\t\t\t\t\t<p>Toutes mes prestations peuvent \u00eatre d\u00e9clin\u00e9es pour ces occasions ou d&rsquo;autres \u00e0 votre domicile ou dans une salle.<\/p><p>N&rsquo;h\u00e9sitez pas \u00e0 me contacter pour renseignements et devis.<\/p>\t\t\t\t\t\t\t\t<\/div>\n\t\t\t\t<\/div>\n\t\t\t\t<div class=\"elementor-element elementor-element-9a18d98 elementor-widget elementor-widget-button\" data-id=\"9a18d98\" data-element_type=\"widget\" data-e-type=\"widget\" data-widget_type=\"button.default\">\n\t\t\t\t<div class=\"elementor-widget-container\">\n\t\t\t\t\t\t\t\t\t<div class=\"elementor-button-wrapper\">\n\t\t\t\t\t<a class=\"elementor-button elementor-button-link elementor-size-sm\" href=\"https:\/\/maparentalite-emois.fr\/index.php\/contact-3\/\">\n\t\t\t\t\t\t<span class=\"elementor-button-content-wrapper\">\n\t\t\t\t\t\t\t\t\t<span class=\"elementor-button-text\">Formulaire de contact<\/span>\n\t\t\t\t\t<\/span>\n\t\t\t\t\t<\/a>\n\t\t\t\t<\/div>\n\t\t\t\t\t\t\t\t<\/div>\n\t\t\t\t<\/div>\n\t\t\t\t<div class=\"elementor-element elementor-element-e36bba6 elementor-widget__width-initial elementor-widget elementor-widget-image\" data-id=\"e36bba6\" data-element_type=\"widget\" data-e-type=\"widget\" data-widget_type=\"image.default\">\n\t\t\t\t<div class=\"elementor-widget-container\">\n\t\t\t\t\t\t\t\t\t\t\t\t\t\t\t<img fetchpriority=\"high\" decoding=\"async\" width=\"1024\" height=\"1024\" src=\"https:\/\/maparentalite-emois.fr\/wp-content\/uploads\/2024\/10\/9-1024x1024.png\" class=\"attachment-large size-large wp-image-316\" alt=\"\" srcset=\"https:\/\/maparentalite-emois.fr\/wp-content\/uploads\/2024\/10\/9-1024x1024.png 1024w, https:\/\/maparentalite-emois.fr\/wp-content\/uploads\/2024\/10\/9-300x300.png 300w, https:\/\/maparentalite-emois.fr\/wp-content\/uploads\/2024\/10\/9-150x150.png 150w, https:\/\/maparentalite-emois.fr\/wp-content\/uploads\/2024\/10\/9-768x768.png 768w, https:\/\/maparentalite-emois.fr\/wp-content\/uploads\/2024\/10\/9.png 1080w\" sizes=\"(max-width: 1024px) 100vw, 1024px\" \/>\t\t\t\t\t\t\t\t\t\t\t\t\t\t\t<\/div>\n\t\t\t\t<\/div>\n\t\t\t\t<div class=\"elementor-element elementor-element-1bddb3a elementor-widget elementor-widget-text-editor\" data-id=\"1bddb3a\" data-element_type=\"widget\" data-e-type=\"widget\" data-widget_type=\"text-editor.default\">\n\t\t\t\t<div class=\"elementor-widget-container\">\n\t\t\t\t\t\t\t\t\t<h3><a href=\"https:\/\/maparentalite-emois.fr\/wordpress\/index.php\/seance-bebes-yoga\/\">B\u00e9b\u00e9 yoga ou maman b\u00e9b\u00e9 yoga<\/a><\/h3>\t\t\t\t\t\t\t\t<\/div>\n\t\t\t\t<\/div>\n\t\t\t\t<div class=\"elementor-element elementor-element-f0b238b elementor-widget__width-initial elementor-widget elementor-widget-image\" data-id=\"f0b238b\" data-element_type=\"widget\" data-e-type=\"widget\" data-widget_type=\"image.default\">\n\t\t\t\t<div class=\"elementor-widget-container\">\n\t\t\t\t\t\t\t\t\t\t\t\t\t\t\t<img decoding=\"async\" width=\"1024\" height=\"1024\" src=\"https:\/\/maparentalite-emois.fr\/wp-content\/uploads\/2024\/10\/6-1024x1024.png\" class=\"attachment-large size-large wp-image-313\" alt=\"\" srcset=\"https:\/\/maparentalite-emois.fr\/wp-content\/uploads\/2024\/10\/6-1024x1024.png 1024w, https:\/\/maparentalite-emois.fr\/wp-content\/uploads\/2024\/10\/6-300x300.png 300w, https:\/\/maparentalite-emois.fr\/wp-content\/uploads\/2024\/10\/6-150x150.png 150w, https:\/\/maparentalite-emois.fr\/wp-content\/uploads\/2024\/10\/6-768x768.png 768w, https:\/\/maparentalite-emois.fr\/wp-content\/uploads\/2024\/10\/6.png 1080w\" sizes=\"(max-width: 1024px) 100vw, 1024px\" \/>\t\t\t\t\t\t\t\t\t\t\t\t\t\t\t<\/div>\n\t\t\t\t<\/div>\n\t\t\t\t<div class=\"elementor-element elementor-element-b4b9052 elementor-widget elementor-widget-text-editor\" data-id=\"b4b9052\" data-element_type=\"widget\" data-e-type=\"widget\" data-widget_type=\"text-editor.default\">\n\t\t\t\t<div class=\"elementor-widget-container\">\n\t\t\t\t\t\t\t\t\t<h3><a href=\"https:\/\/maparentalite-emois.fr\/wordpress\/index.php\/yoga-prenatal-a-domicile\/\">Yoga pr\u00e9natal<\/a><\/h3>\t\t\t\t\t\t\t\t<\/div>\n\t\t\t\t<\/div>\n\t\t\t\t<div class=\"elementor-element elementor-element-2c38631 elementor-widget__width-initial elementor-widget elementor-widget-image\" data-id=\"2c38631\" data-element_type=\"widget\" data-e-type=\"widget\" data-widget_type=\"image.default\">\n\t\t\t\t<div class=\"elementor-widget-container\">\n\t\t\t\t\t\t\t\t\t\t\t\t\t\t\t<img decoding=\"async\" width=\"1024\" height=\"1024\" src=\"https:\/\/maparentalite-emois.fr\/wp-content\/uploads\/2024\/10\/14-1024x1024.png\" class=\"attachment-large size-large wp-image-321\" alt=\"\" srcset=\"https:\/\/maparentalite-emois.fr\/wp-content\/uploads\/2024\/10\/14-1024x1024.png 1024w, https:\/\/maparentalite-emois.fr\/wp-content\/uploads\/2024\/10\/14-300x300.png 300w, https:\/\/maparentalite-emois.fr\/wp-content\/uploads\/2024\/10\/14-150x150.png 150w, https:\/\/maparentalite-emois.fr\/wp-content\/uploads\/2024\/10\/14-768x768.png 768w, https:\/\/maparentalite-emois.fr\/wp-content\/uploads\/2024\/10\/14.png 1080w\" sizes=\"(max-width: 1024px) 100vw, 1024px\" \/>\t\t\t\t\t\t\t\t\t\t\t\t\t\t\t<\/div>\n\t\t\t\t<\/div>\n\t\t\t\t<div class=\"elementor-element elementor-element-42f9a8a elementor-widget elementor-widget-text-editor\" data-id=\"42f9a8a\" data-element_type=\"widget\" data-e-type=\"widget\" data-widget_type=\"text-editor.default\">\n\t\t\t\t<div class=\"elementor-widget-container\">\n\t\t\t\t\t\t\t\t\t<h3><a href=\"https:\/\/maparentalite-emois.fr\/wordpress\/index.php\/cercles-parents-bambins\/\">Cercles parents- bambins (12-36mois) ou cercles maman b\u00e9b\u00e9(naissance-6 mois)<\/a><\/h3>\t\t\t\t\t\t\t\t<\/div>\n\t\t\t\t<\/div>\n\t\t\t\t<\/div>\n\t\t<div class=\"elementor-element elementor-element-758ec6f e-con-full e-flex e-con e-child\" data-id=\"758ec6f\" data-element_type=\"container\" data-e-type=\"container\">\n\t\t\t\t<div class=\"elementor-element elementor-element-ffba787 elementor-widget__width-initial elementor-widget elementor-widget-image\" data-id=\"ffba787\" data-element_type=\"widget\" data-e-type=\"widget\" data-widget_type=\"image.default\">\n\t\t\t\t<div class=\"elementor-widget-container\">\n\t\t\t\t\t\t\t\t\t\t\t\t\t\t\t<img decoding=\"async\" src=\"https:\/\/maparentalite-emois.fr\/wp-content\/uploads\/2024\/10\/Design-sans-titre-24.png\" title=\"Design sans titre (24)\" alt=\"Ateliers &quot;graines de secouristes&quot;\" loading=\"lazy\" \/>\t\t\t\t\t\t\t\t\t\t\t\t\t\t\t<\/div>\n\t\t\t\t<\/div>\n\t\t\t\t<div class=\"elementor-element elementor-element-14e8351 elementor-widget elementor-widget-text-editor\" data-id=\"14e8351\" data-element_type=\"widget\" data-e-type=\"widget\" data-widget_type=\"text-editor.default\">\n\t\t\t\t<div class=\"elementor-widget-container\">\n\t\t\t\t\t\t\t\t\t<h3><a href=\"https:\/\/maparentalite-emois.fr\/wordpress\/index.php\/atelier-graine-de-secouristes\/\">Ateliers \u00ab\u00a0graines de secouristes\u00a0\u00bb<\/a><\/h3>\t\t\t\t\t\t\t\t<\/div>\n\t\t\t\t<\/div>\n\t\t\t\t<div class=\"elementor-element elementor-element-5f5d128 elementor-widget__width-initial elementor-widget elementor-widget-image\" data-id=\"5f5d128\" data-element_type=\"widget\" data-e-type=\"widget\" data-widget_type=\"image.default\">\n\t\t\t\t<div class=\"elementor-widget-container\">\n\t\t\t\t\t\t\t\t\t\t\t\t\t\t\t<img loading=\"lazy\" decoding=\"async\" width=\"1024\" height=\"1024\" src=\"https:\/\/maparentalite-emois.fr\/wp-content\/uploads\/2024\/10\/41-1024x1024.png\" class=\"attachment-large size-large wp-image-571\" alt=\"\" srcset=\"https:\/\/maparentalite-emois.fr\/wp-content\/uploads\/2024\/10\/41-1024x1024.png 1024w, https:\/\/maparentalite-emois.fr\/wp-content\/uploads\/2024\/10\/41-300x300.png 300w, https:\/\/maparentalite-emois.fr\/wp-content\/uploads\/2024\/10\/41-150x150.png 150w, https:\/\/maparentalite-emois.fr\/wp-content\/uploads\/2024\/10\/41-768x768.png 768w, https:\/\/maparentalite-emois.fr\/wp-content\/uploads\/2024\/10\/41.png 1080w\" sizes=\"(max-width: 1024px) 100vw, 1024px\" \/>\t\t\t\t\t\t\t\t\t\t\t\t\t\t\t<\/div>\n\t\t\t\t<\/div>\n\t\t\t\t<div class=\"elementor-element elementor-element-60b16a4 elementor-widget elementor-widget-text-editor\" data-id=\"60b16a4\" data-element_type=\"widget\" data-e-type=\"widget\" data-widget_type=\"text-editor.default\">\n\t\t\t\t<div class=\"elementor-widget-container\">\n\t\t\t\t\t\t\t\t\t<h3><a href=\"https:\/\/maparentalite-emois.fr\/wordpress\/index.php\/atelier-decouverte-et-mise-en-place-de-la-pedagogie-montessori\/\">Ateliers Montessori<\/a><\/h3>\t\t\t\t\t\t\t\t<\/div>\n\t\t\t\t<\/div>\n\t\t\t\t<div class=\"elementor-element elementor-element-cbe141a elementor-widget__width-initial elementor-widget elementor-widget-image\" data-id=\"cbe141a\" data-element_type=\"widget\" data-e-type=\"widget\" data-widget_type=\"image.default\">\n\t\t\t\t<div class=\"elementor-widget-container\">\n\t\t\t\t\t\t\t\t\t\t\t\t\t\t\t<img loading=\"lazy\" decoding=\"async\" width=\"1024\" height=\"1024\" src=\"https:\/\/maparentalite-emois.fr\/wp-content\/uploads\/2024\/10\/36-1024x1024.png\" class=\"attachment-large size-large wp-image-522\" alt=\"\" srcset=\"https:\/\/maparentalite-emois.fr\/wp-content\/uploads\/2024\/10\/36-1024x1024.png 1024w, https:\/\/maparentalite-emois.fr\/wp-content\/uploads\/2024\/10\/36-300x300.png 300w, https:\/\/maparentalite-emois.fr\/wp-content\/uploads\/2024\/10\/36-150x150.png 150w, https:\/\/maparentalite-emois.fr\/wp-content\/uploads\/2024\/10\/36-768x768.png 768w, https:\/\/maparentalite-emois.fr\/wp-content\/uploads\/2024\/10\/36.png 1080w\" sizes=\"(max-width: 1024px) 100vw, 1024px\" \/>\t\t\t\t\t\t\t\t\t\t\t\t\t\t\t<\/div>\n\t\t\t\t<\/div>\n\t\t\t\t<div class=\"elementor-element elementor-element-d626f5e elementor-widget elementor-widget-text-editor\" data-id=\"d626f5e\" data-element_type=\"widget\" data-e-type=\"widget\" data-widget_type=\"text-editor.default\">\n\t\t\t\t<div class=\"elementor-widget-container\">\n\t\t\t\t\t\t\t\t\t<h3><a href=\"https:\/\/maparentalite-emois.fr\/wordpress\/index.php\/ateliers-explorations-ludiques-a-domicile\/\">Explorations Ludiques<\/a><\/h3>\t\t\t\t\t\t\t\t<\/div>\n\t\t\t\t<\/div>\n\t\t\t\t<\/div>\n\t\t\t\t\t<\/div>\n\t\t\t\t<\/div>\n\t\t\t\t<\/div>\n\t\t","protected":false},"excerpt":{"rendered":"<p>Anniversaires-Go\u00fbters-Rencontres parents-enfants&#8230; Toutes mes prestations peuvent \u00eatre d\u00e9clin\u00e9es pour ces occasions ou d&rsquo;autres \u00e0 votre domicile ou dans une salle. [&hellip;]<\/p>\n","protected":false},"author":1,"featured_media":0,"parent":0,"menu_order":0,"comment_status":"closed","ping_status":"closed","template":"","meta":{"site-sidebar-layout":"no-sidebar","site-content-layout":"","ast-site-content-layout":"full-width-container","site-content-style":"default","site-sidebar-style":"default","ast-global-header-display":"","ast-banner-title-visibility":"","ast-main-header-display":"","ast-hfb-above-header-display":"","ast-hfb-below-header-display":"","ast-hfb-mobile-header-display":"","site-post-title":"disabled","ast-breadcrumbs-content":"","ast-featured-img":"disabled","footer-sml-layout":"","ast-disable-related-posts":"","theme-transparent-header-meta":"","adv-header-id-meta":"","stick-header-meta":"","header-above-stick-meta":"","header-main-stick-meta":"","header-below-stick-meta":"","astra-migrate-meta-layouts":"default","ast-page-background-enabled":"default","ast-page-background-meta":{"desktop":{"background-color":"var(--ast-global-color-4)","background-image":"","background-repeat":"repeat","background-position":"center center","background-size":"auto","background-attachment":"scroll","background-type":"","background-media":"","overlay-type":"","overlay-color":"","overlay-opacity":"","overlay-gradient":""},"tablet":{"background-color":"","background-image":"","background-repeat":"repeat","background-position":"center center","background-size":"auto","background-attachment":"scroll","background-type":"","background-media":"","overlay-type":"","overlay-color":"","overlay-opacity":"","overlay-gradient":""},"mobile":{"background-color":"","background-image":"","background-repeat":"repeat","background-position":"center center","background-size":"auto","background-attachment":"scroll","background-type":"","background-media":"","overlay-type":"","overlay-color":"","overlay-opacity":"","overlay-gradient":""}},"ast-content-background-meta":{"desktop":{"background-color":"var(--ast-global-color-5)","background-image":"","background-repeat":"repeat","background-position":"center center","background-size":"auto","background-attachment":"scroll","background-type":"","background-media":"","overlay-type":"","overlay-color":"","overlay-opacity":"","overlay-gradient":""},"tablet":{"background-color":"var(--ast-global-color-5)","background-image":"","background-repeat":"repeat","background-position":"center center","background-size":"auto","background-attachment":"scroll","background-type":"","background-media":"","overlay-type":"","overlay-color":"","overlay-opacity":"","overlay-gradient":""},"mobile":{"background-color":"var(--ast-global-color-5)","background-image":"","background-repeat":"repeat","background-position":"center center","background-size":"auto","background-attachment":"scroll","background-type":"","background-media":"","overlay-type":"","overlay-color":"","overlay-opacity":"","overlay-gradient":""}},"footnotes":""},"class_list":["post-591","page","type-page","status-publish","hentry"],"_links":{"self":[{"href":"https:\/\/maparentalite-emois.fr\/index.php\/wp-json\/wp\/v2\/pages\/591","targetHints":{"allow":["GET"]}}],"collection":[{"href":"https:\/\/maparentalite-emois.fr\/index.php\/wp-json\/wp\/v2\/pages"}],"about":[{"href":"https:\/\/maparentalite-emois.fr\/index.php\/wp-json\/wp\/v2\/types\/page"}],"author":[{"embeddable":true,"href":"https:\/\/maparentalite-emois.fr\/index.php\/wp-json\/wp\/v2\/users\/1"}],"replies":[{"embeddable":true,"href":"https:\/\/maparentalite-emois.fr\/index.php\/wp-json\/wp\/v2\/comments?post=591"}],"version-history":[{"count":13,"href":"https:\/\/maparentalite-emois.fr\/index.php\/wp-json\/wp\/v2\/pages\/591\/revisions"}],"predecessor-version":[{"id":899,"href":"https:\/\/maparentalite-emois.fr\/index.php\/wp-json\/wp\/v2\/pages\/591\/revisions\/899"}],"wp:attachment":[{"href":"https:\/\/maparentalite-emois.fr\/index.php\/wp-json\/wp\/v2\/media?parent=591"}],"curies":[{"name":"wp","href":"https:\/\/api.w.org\/{rel}","templated":true}]}}