{"id":582,"date":"2024-10-27T18:44:10","date_gmt":"2024-10-27T18:44:10","guid":{"rendered":"https:\/\/maparentalite-emois.fr\/?page_id=582"},"modified":"2024-11-06T16:09:53","modified_gmt":"2024-11-06T16:09:53","slug":"atelier-graine-de-secouristes","status":"publish","type":"page","link":"https:\/\/maparentalite-emois.fr\/index.php\/atelier-graine-de-secouristes\/","title":{"rendered":"Atelier graine de secouristes"},"content":{"rendered":"\t\t<div data-elementor-type=\"wp-page\" data-elementor-id=\"582\" class=\"elementor elementor-582\">\n\t\t\t\t<div class=\"elementor-element elementor-element-a70b182 e-flex e-con-boxed e-con e-parent\" data-id=\"a70b182\" data-element_type=\"container\" data-e-type=\"container\">\n\t\t\t\t\t<div class=\"e-con-inner\">\n\t\t<div class=\"elementor-element elementor-element-e9feca0 e-con-full e-flex e-con e-child\" data-id=\"e9feca0\" data-element_type=\"container\" data-e-type=\"container\">\n\t\t\t\t<div class=\"elementor-element elementor-element-64a7dfd elementor-widget elementor-widget-heading\" data-id=\"64a7dfd\" data-element_type=\"widget\" data-e-type=\"widget\" data-widget_type=\"heading.default\">\n\t\t\t\t<div class=\"elementor-widget-container\">\n\t\t\t\t\t<h2 class=\"elementor-heading-title elementor-size-default\"><b>Ateliers \"graines de secouriste\"<\/b><\/h2>\t\t\t\t<\/div>\n\t\t\t\t<\/div>\n\t\t\t\t<div class=\"elementor-element elementor-element-02cdbe6 elementor-widget elementor-widget-text-editor\" data-id=\"02cdbe6\" data-element_type=\"widget\" data-e-type=\"widget\" data-widget_type=\"text-editor.default\">\n\t\t\t\t<div class=\"elementor-widget-container\">\n\t\t\t\t\t\t\t\t\t<p>Apprendre \u00e0 porter secours de mani\u00e8re ludique.<\/p><p>3 ateliers pour des tranches d&rsquo;\u00e2ges diff\u00e9rentes .<\/p><p>Ecole\/Centre de loisirs\/Anniversaires<\/p><p>\u00a0<\/p>\t\t\t\t\t\t\t\t<\/div>\n\t\t\t\t<\/div>\n\t\t\t\t<div class=\"elementor-element elementor-element-4102ed7 elementor-widget elementor-widget-text-editor\" data-id=\"4102ed7\" data-element_type=\"widget\" data-e-type=\"widget\" data-widget_type=\"text-editor.default\">\n\t\t\t\t<div class=\"elementor-widget-container\">\n\t\t\t\t\t\t\t\t\t<div><div><h6>Pr\u00e9venir et alerter (4 \u00e0 5 ans)\u00a0<\/h6><\/div><\/div><div><div><h2>Atelier Mini secouriste<\/h2><\/div><\/div><div><div><div>Dur\u00e9e : 1H\u00a0<\/div><\/div><\/div><div><div><div>Atelier parent\/enfant<\/div><\/div><\/div><div><div><p>Durant cet atelier, l&rsquo;enfant apprendra \u00e0 identifier les dangers domestiques avec une alternance de jeux et de mise en sc\u00e8ne<\/p><p>Il repartira en connaissant le num\u00e9ro d\u2019alerte, et le message \u00e0 formuler en cas d\u2019accident.<\/p><\/div><\/div><div><div><p>Un enfant de 4 ans peut sauver son papa ou sa maman en composant le num\u00e9ro d\u2019urgence. Il peut apprendre \u00e9galement \u00e0 d\u00e9tecter une situation dangereuse et pr\u00e9venir les secours<\/p><\/div><\/div>\t\t\t\t\t\t\t\t<\/div>\n\t\t\t\t<\/div>\n\t\t\t\t<div class=\"elementor-element elementor-element-20197f5 elementor-widget elementor-widget-text-editor\" data-id=\"20197f5\" data-element_type=\"widget\" data-e-type=\"widget\" data-widget_type=\"text-editor.default\">\n\t\t\t\t<div class=\"elementor-widget-container\">\n\t\t\t\t\t\t\t\t\t<div><div><h6>Alerter et porter secours aux petits bobos (6 \u00e0 8 ans)\u00a0<\/h6><\/div><\/div><div><div><h2>Petit secouriste<\/h2><\/div><\/div><div><div><div>Dur\u00e9e : 1H30\u00a0<\/div><\/div><\/div><div><div><p>Que faire s\u2019il arrive quelque chose \u00e0 l\u2019adulte qui veille sur moi.<br \/>Qui appeler ? Quel message transmettre aux secours\u2026? Mais aussi, que faire en cas de chute, br\u00fblure, coupure ?<br \/>L\u2019enfant saura donner l\u2019alerte, porter secours et g\u00e9rer des petit bobos du quotidien.<\/p><\/div><\/div>\t\t\t\t\t\t\t\t<\/div>\n\t\t\t\t<\/div>\n\t\t\t\t<div class=\"elementor-element elementor-element-aca50ad elementor-widget elementor-widget-text-editor\" data-id=\"aca50ad\" data-element_type=\"widget\" data-e-type=\"widget\" data-widget_type=\"text-editor.default\">\n\t\t\t\t<div class=\"elementor-widget-container\">\n\t\t\t\t\t\t\t\t\t<div><div><h6>de 9 \u00e0 10 ans\u00a0<\/h6><\/div><\/div><div><div><h2>Apprenti secouriste<\/h2><\/div><\/div><div><div><div>Dur\u00e9e : 1H30\u00a0<\/div><\/div><\/div><div><div><p>Alerte, protection, coupure, brulure chute, \u00e9touffement et perte de connaissances.<br \/>Les gestes de secourisme appris de fa\u00e7on ludique aux enfants.<\/p><\/div><\/div>\t\t\t\t\t\t\t\t<\/div>\n\t\t\t\t<\/div>\n\t\t\t\t<\/div>\n\t\t<div class=\"elementor-element elementor-element-15635cb e-con-full e-flex e-con e-child\" data-id=\"15635cb\" data-element_type=\"container\" data-e-type=\"container\">\n\t\t\t\t<div class=\"elementor-element elementor-element-f893df3 elementor-widget elementor-widget-image\" data-id=\"f893df3\" data-element_type=\"widget\" data-e-type=\"widget\" data-widget_type=\"image.default\">\n\t\t\t\t<div class=\"elementor-widget-container\">\n\t\t\t\t\t\t\t\t\t\t\t\t\t\t\t<img fetchpriority=\"high\" decoding=\"async\" width=\"1024\" height=\"1024\" src=\"https:\/\/maparentalite-emois.fr\/wp-content\/uploads\/2024\/10\/Design-sans-titre-24-1024x1024.png\" class=\"attachment-large size-large wp-image-587\" alt=\"\" srcset=\"https:\/\/maparentalite-emois.fr\/wp-content\/uploads\/2024\/10\/Design-sans-titre-24-1024x1024.png 1024w, https:\/\/maparentalite-emois.fr\/wp-content\/uploads\/2024\/10\/Design-sans-titre-24-300x300.png 300w, https:\/\/maparentalite-emois.fr\/wp-content\/uploads\/2024\/10\/Design-sans-titre-24-150x150.png 150w, https:\/\/maparentalite-emois.fr\/wp-content\/uploads\/2024\/10\/Design-sans-titre-24-768x768.png 768w, https:\/\/maparentalite-emois.fr\/wp-content\/uploads\/2024\/10\/Design-sans-titre-24.png 1080w\" sizes=\"(max-width: 1024px) 100vw, 1024px\" \/>\t\t\t\t\t\t\t\t\t\t\t\t\t\t\t<\/div>\n\t\t\t\t<\/div>\n\t\t\t\t<div class=\"elementor-element elementor-element-ef6a6c2 elementor-widget elementor-widget-text-editor\" data-id=\"ef6a6c2\" data-element_type=\"widget\" data-e-type=\"widget\" data-widget_type=\"text-editor.default\">\n\t\t\t\t<div class=\"elementor-widget-container\">\n\t\t\t\t\t\t\t\t\t<p>Tarifs me contacter<\/p>\t\t\t\t\t\t\t\t<\/div>\n\t\t\t\t<\/div>\n\t\t\t\t<div class=\"elementor-element elementor-element-9753a7c elementor-widget elementor-widget-button\" data-id=\"9753a7c\" data-element_type=\"widget\" data-e-type=\"widget\" data-widget_type=\"button.default\">\n\t\t\t\t<div class=\"elementor-widget-container\">\n\t\t\t\t\t\t\t\t\t<div class=\"elementor-button-wrapper\">\n\t\t\t\t\t<a class=\"elementor-button elementor-button-link elementor-size-sm\" href=\"https:\/\/maparentalite-emois.fr\/wordpress\/index.php\/contact-3\/\">\n\t\t\t\t\t\t<span class=\"elementor-button-content-wrapper\">\n\t\t\t\t\t\t\t\t\t<span class=\"elementor-button-text\">Contact<\/span>\n\t\t\t\t\t<\/span>\n\t\t\t\t\t<\/a>\n\t\t\t\t<\/div>\n\t\t\t\t\t\t\t\t<\/div>\n\t\t\t\t<\/div>\n\t\t\t\t<\/div>\n\t\t\t\t\t<\/div>\n\t\t\t\t<\/div>\n\t\t\t\t<\/div>\n\t\t","protected":false},"excerpt":{"rendered":"<p>Ateliers \u00ab\u00a0graines de secouriste\u00a0\u00bb Apprendre \u00e0 porter secours de mani\u00e8re ludique. 3 ateliers pour des tranches d&rsquo;\u00e2ges diff\u00e9rentes . Ecole\/Centre [&hellip;]<\/p>\n","protected":false},"author":1,"featured_media":0,"parent":0,"menu_order":0,"comment_status":"closed","ping_status":"closed","template":"","meta":{"site-sidebar-layout":"no-sidebar","site-content-layout":"","ast-site-content-layout":"full-width-container","site-content-style":"default","site-sidebar-style":"default","ast-global-header-display":"","ast-banner-title-visibility":"","ast-main-header-display":"","ast-hfb-above-header-display":"","ast-hfb-below-header-display":"","ast-hfb-mobile-header-display":"","site-post-title":"disabled","ast-breadcrumbs-content":"","ast-featured-img":"disabled","footer-sml-layout":"","ast-disable-related-posts":"","theme-transparent-header-meta":"","adv-header-id-meta":"","stick-header-meta":"","header-above-stick-meta":"","header-main-stick-meta":"","header-below-stick-meta":"","astra-migrate-meta-layouts":"default","ast-page-background-enabled":"default","ast-page-background-meta":{"desktop":{"background-color":"var(--ast-global-color-4)","background-image":"","background-repeat":"repeat","background-position":"center center","background-size":"auto","background-attachment":"scroll","background-type":"","background-media":"","overlay-type":"","overlay-color":"","overlay-opacity":"","overlay-gradient":""},"tablet":{"background-color":"","background-image":"","background-repeat":"repeat","background-position":"center center","background-size":"auto","background-attachment":"scroll","background-type":"","background-media":"","overlay-type":"","overlay-color":"","overlay-opacity":"","overlay-gradient":""},"mobile":{"background-color":"","background-image":"","background-repeat":"repeat","background-position":"center center","background-size":"auto","background-attachment":"scroll","background-type":"","background-media":"","overlay-type":"","overlay-color":"","overlay-opacity":"","overlay-gradient":""}},"ast-content-background-meta":{"desktop":{"background-color":"var(--ast-global-color-5)","background-image":"","background-repeat":"repeat","background-position":"center center","background-size":"auto","background-attachment":"scroll","background-type":"","background-media":"","overlay-type":"","overlay-color":"","overlay-opacity":"","overlay-gradient":""},"tablet":{"background-color":"var(--ast-global-color-5)","background-image":"","background-repeat":"repeat","background-position":"center center","background-size":"auto","background-attachment":"scroll","background-type":"","background-media":"","overlay-type":"","overlay-color":"","overlay-opacity":"","overlay-gradient":""},"mobile":{"background-color":"var(--ast-global-color-5)","background-image":"","background-repeat":"repeat","background-position":"center center","background-size":"auto","background-attachment":"scroll","background-type":"","background-media":"","overlay-type":"","overlay-color":"","overlay-opacity":"","overlay-gradient":""}},"footnotes":""},"class_list":["post-582","page","type-page","status-publish","hentry"],"_links":{"self":[{"href":"https:\/\/maparentalite-emois.fr\/index.php\/wp-json\/wp\/v2\/pages\/582","targetHints":{"allow":["GET"]}}],"collection":[{"href":"https:\/\/maparentalite-emois.fr\/index.php\/wp-json\/wp\/v2\/pages"}],"about":[{"href":"https:\/\/maparentalite-emois.fr\/index.php\/wp-json\/wp\/v2\/types\/page"}],"author":[{"embeddable":true,"href":"https:\/\/maparentalite-emois.fr\/index.php\/wp-json\/wp\/v2\/users\/1"}],"replies":[{"embeddable":true,"href":"https:\/\/maparentalite-emois.fr\/index.php\/wp-json\/wp\/v2\/comments?post=582"}],"version-history":[{"count":7,"href":"https:\/\/maparentalite-emois.fr\/index.php\/wp-json\/wp\/v2\/pages\/582\/revisions"}],"predecessor-version":[{"id":757,"href":"https:\/\/maparentalite-emois.fr\/index.php\/wp-json\/wp\/v2\/pages\/582\/revisions\/757"}],"wp:attachment":[{"href":"https:\/\/maparentalite-emois.fr\/index.php\/wp-json\/wp\/v2\/media?parent=582"}],"curies":[{"name":"wp","href":"https:\/\/api.w.org\/{rel}","templated":true}]}}