{"id":3,"date":"2024-10-20T15:10:29","date_gmt":"2024-10-20T15:10:29","guid":{"rendered":"https:\/\/maparentalite-emois.fr\/?page_id=3"},"modified":"2025-11-25T12:30:10","modified_gmt":"2025-11-25T11:30:10","slug":"conditions_generales","status":"publish","type":"page","link":"https:\/\/maparentalite-emois.fr\/index.php\/conditions_generales\/","title":{"rendered":"Conditions G\u00e9n\u00e9rales de Vente"},"content":{"rendered":"<p>Les pr\u00e9sentes conditions g\u00e9n\u00e9rales de vente sont conclues :<br \/>\nENTRE :<br \/>\n\u2013 Le site maparentalite-emois.fr , d\u00e9sign\u00e9 comme le Vendeur.<br \/>\nET<br \/>\n\u2013 Toute personne souhaitant effectuer un achat sur le site internet du Vendeur, ci-apr\u00e8s d\u00e9nomm\u00e9e l\u2019Acheteur,<br \/>\nD\u2019AUTRE PART.<\/p>\n<ol>\n<li><strong>D\u00e9signation du Vendeur<\/strong><\/li>\n<\/ol>\n<p>Le pr\u00e9sent site maparentalite-emois.fr est \u00e9dit\u00e9 par Cindy Naud\u00e9<\/p>\n<p>Si\u00e8ge social : 93 rue Jean Vilar\u00a0 34090 Montpellier<br \/>\nSIRET : 97758357400016<\/p>\n<ol start=\"2\">\n<li><strong>Application des Conditions G\u00e9n\u00e9rales de Vente<\/strong><\/li>\n<\/ol>\n<p>Les pr\u00e9sentes Conditions G\u00e9n\u00e9rales de Vente sont applicables \u00e0 la vente en ligne des produits disponibles sur le site maparentalite-emois.fr<br \/>\nLe Vendeur se r\u00e9serve la facult\u00e9 de modifier ses Conditions G\u00e9n\u00e9rales de Vente \u00e0 tout moment. Les Conditions G\u00e9n\u00e9rales de Vente applicables sont celles en vigueur \u00e0 la date de la commande.<\/p>\n<ol start=\"3\">\n<li><strong>Commande<\/strong><\/li>\n<\/ol>\n<p>Toute commande pass\u00e9e sur ce site implique l\u2019acceptation int\u00e9grale et sans r\u00e9serve des pr\u00e9sentes Conditions G\u00e9n\u00e9rales de Vente.<\/p>\n<ol start=\"4\">\n<li><strong>Prix de vente<\/strong><\/li>\n<\/ol>\n<p>Le prix de vente du produit est celui en vigueur au jour de la commande et est indiqu\u00e9 en euros (\u20ac) toutes taxes comprises.<\/p>\n<p><strong>4.1. Modification de prix<\/strong><\/p>\n<p>Le Vendeur se r\u00e9serve le droit de modifier ses prix \u00e0 tout moment, tout en garantissant \u00e0 l\u2019Acheteur l\u2019application du prix en vigueur au jour de la commande.<\/p>\n<p><strong>4.2 Offres promotionnelles<\/strong><\/p>\n<p>En cas de promotion, le Vendeur s\u2019engage \u00e0 appliquer le prix promotionnel \u00e0 toute commande pass\u00e9e pendant la dur\u00e9e de la promotion.<\/p>\n<ol start=\"5\">\n<li><strong>Paiement<\/strong><\/li>\n<\/ol>\n<p><strong>5.1. Modes de paiement disponibles<\/strong><\/p>\n<p>L\u2019Acheteur choisit de payer en ligne uniquement\u00a0 via le syst\u00e8me de paiement s\u00e9curis\u00e9 Stripe.<\/p>\n<p><strong>5.2. S\u00e9curisation du paiement<\/strong><\/p>\n<p>Le paiement en ligne est s\u00e9curis\u00e9 par internet<\/p>\n<ol start=\"6\">\n<li><strong>Livraison<\/strong><\/li>\n<\/ol>\n<p>Les produits en vente sur le site maparentalite-emois.fr sont sous format num\u00e9rique, ou atelier en pr\u00e9sentiel en structure ou \u00e0 domicile.<\/p>\n<ol start=\"7\">\n<li><strong>R\u00e9tractation<\/strong><\/li>\n<\/ol>\n<p>L\u2019Acheteur b\u00e9n\u00e9ficie d\u2019un d\u00e9lai de r\u00e9tractation de quatorze (14) jours francs pour le produit (\u00e0 compter de la date d\u2019adh\u00e9sion) pour demander un remboursement. Pour ce faire, l\u2019Acheteur doit avertir le Vendeur par email \u00e0 via l<a href=\"https:\/\/maparentalite-emois.fr\/index.php\/contact-3\/\">e\u00a0formulaire de contact\u00a0<\/a>en indiquant les informations d\u2019achat, n\u00e9cessaires au remboursement.<\/p>\n<ol start=\"8\">\n<li><strong>Gestion de vos donn\u00e9es personnelles<\/strong><\/li>\n<\/ol>\n<p><strong>8.1. Collecte et exploitation des donn\u00e9es<\/strong><\/p>\n<p>La collecte des donn\u00e9es nominatives, leur utilisation au titre du traitement des commandes et de la constitution de fichiers client\u00e8le et leur diffusion \u00e0 des tiers charg\u00e9s de l\u2019ex\u00e9cution et du paiement des commandes, est subordonn\u00e9e au consentement de la personne concern\u00e9e. Le traitement des donn\u00e9es nominatives, qui sont conserv\u00e9es par l\u2019\u00e9diteur aux seules fins d\u2019une bonne administration des commandes et des relations commerciales, fait l\u2019objet d\u2019une d\u00e9claration aupr\u00e8s de la Commission Nationale Informatique et Libert\u00e9s sous le n\u00b02025771.<\/p>\n<p><strong>8.2. Droit d\u2019acc\u00e8s de modification ou suppression de vos donn\u00e9es<\/strong><\/p>\n<p>Le consommateur dispose \u00e0 tout moment d\u2019un droit d\u2019acc\u00e8s, de modification, de rectification et de suppression des donn\u00e9es personnelles le concernant.<\/p>\n<ol start=\"9\">\n<li><strong>Propri\u00e9t\u00e9 intellectuelle<\/strong><\/li>\n<\/ol>\n<p>Les \u00e9l\u00e9ments pr\u00e9sents sur le site du Vendeur sont sa propri\u00e9t\u00e9 exclusive. Toute reproduction et toute diffusion de ces \u00e9l\u00e9ments, sans autorisation \u00e9crite pr\u00e9alable, exposent les contrevenants \u00e0 des poursuites judiciaires.<\/p>\n<ol start=\"10\">\n<li><strong>Droits applicables<\/strong><\/li>\n<\/ol>\n<p>Toutes les clauses figurant dans les pr\u00e9sentes Conditions G\u00e9n\u00e9rales de Vente, ainsi que toutes les op\u00e9rations d\u2019achat et de vente qui y sont vis\u00e9es, seront soumises au droit fran\u00e7ais<\/p>\n<ol start=\"11\">\n<li><strong>Annulation<\/strong><\/li>\n<\/ol>\n<ul>\n<li>\u00a0La demande d\u2019annulation a lieu plus de 48h avant la date de r\u00e9alisation de la Prestation : le Client pourra \u00e9changer sa Prestation contre une autre Prestation de m\u00eame valeur, mais celle-ci sera non remboursable en cas de paiement pr\u00e9alable \u00e0 la Prestation. Si la Prestation est \u00e9chang\u00e9e contre une autre Prestation de valeur moindre, la diff\u00e9rence ne sera pas rembours\u00e9e.<\/li>\n<li>la demande d\u2019annulation a lieu moins de 48h avant la date de r\u00e9alisation de la Prestation : la Prestation est due et non \u00e9changeable.<\/li>\n<li>L\u2019annulation vient du vendeur, le client pourra soit \u00eatre rembours\u00e9, soit \u00e9changer sa prestation contre un avoir de la m\u00eame valeur.<\/li>\n<\/ul>\n<p>12.M\u00e9diation<\/p>\n<div>\n<table role=\"presentation\" border=\"0\" cellspacing=\"0\" cellpadding=\"0\" align=\"center\">\n<tbody>\n<tr>\n<td>\n<div class=\"m_-5415194861288955160mj-column-per-100\">\n<table role=\"presentation\" border=\"0\" width=\"100%\" cellspacing=\"0\" cellpadding=\"0\">\n<tbody>\n<tr>\n<td align=\"left\">\n<div>\n<p>Si vous n\u2019\u00eates pas parvenu \u00e0 r\u00e9soudre votre litige apr\u00e8s nous avoir adress\u00e9 une r\u00e9clamation \u00e9crite (courrier ou courriel), dat\u00e9e, rappelant les circonstances qui ont donn\u00e9 lieu au diff\u00e9rend et ce que vous r\u00e9clamez, vous pourrez saisir le m\u00e9diateur de la consommation, d\u00e9sign\u00e9 ci- dessous, si vous avez re\u00e7u une r\u00e9ponse \u00e9crite n\u00e9gative de notre part ou pas de r\u00e9ponse deux mois apr\u00e8s l\u2019envoi de votre r\u00e9clamation.<br \/>\n<b>Conform\u00e9ment aux articles L.616-1 et R.616-1\u00a0<\/b><br \/>\n<b>du code de la consommation, notre soci\u00e9t\u00e9 a mis en place un dispositif de m\u00e9diation de la consommation. L&rsquo;entit\u00e9 de m\u00e9diation retenue est :<\/b><\/p>\n<p><b>MEDIATION CONSOMMATION D\u00c9VELOPPEMENT\/MED CONSO DEV<\/b><\/p>\n<p><b>En cas de litige, vous pouvez d\u00e9poser votre r\u00e9clamation sur son site :<\/b><b>\u00a0<\/b><b><a href=\"https:\/\/www.medconsodev.eu\/\" target=\"_blank\" rel=\"noopener\" data-saferedirecturl=\"https:\/\/www.google.com\/url?q=https:\/\/www.medconsodev.eu&amp;source=gmail&amp;ust=1764156517986000&amp;usg=AOvVaw32atkZjo8_gtf-hDW0AP3q\">https:\/\/www.medconsodev.eu<\/a><\/b><\/p>\n<p><b>ou par voie postale en \u00e9crivant \u00e0 :<\/b><\/p>\n<p><b>MEDIATION CONSOMMATION D\u00c9VELOPPEMENT\/MED CONSO DEV<\/b><br \/>\n<b>Centre d\u2019Affaires St\u00e9phanois SAS\u00a0<\/b><br \/>\n<b>IMMEUBLE L\u2019HORIZON \u2013 ESPLANADE DE FRANCE<\/b><br \/>\n<b>3, RUE J. CONSTANT MILLERET \u2013 42000 SAINT-\u00c9TIENNE<\/b><\/p>\n<p>&nbsp;<\/p>\n<\/div>\n<\/td>\n<\/tr>\n<\/tbody>\n<\/table>\n<\/div>\n<\/td>\n<\/tr>\n<\/tbody>\n<\/table>\n<\/div>\n<div>\n<table role=\"presentation\" border=\"0\" cellspacing=\"0\" cellpadding=\"0\" align=\"center\">\n<tbody>\n<tr>\n<td>\n<div class=\"m_-5415194861288955160mj-column-per-100\"><\/div>\n<\/td>\n<\/tr>\n<\/tbody>\n<\/table>\n<\/div>\n<div><\/div>\n<p>&nbsp;<\/p>\n<p>&nbsp;<\/p>\n","protected":false},"excerpt":{"rendered":"<p>Les pr\u00e9sentes conditions g\u00e9n\u00e9rales de vente sont conclues : ENTRE : \u2013 Le site maparentalite-emois.fr , d\u00e9sign\u00e9 comme le Vendeur. [&hellip;]<\/p>\n","protected":false},"author":1,"featured_media":0,"parent":0,"menu_order":0,"comment_status":"closed","ping_status":"closed","template":"","meta":{"site-sidebar-layout":"default","site-content-layout":"","ast-site-content-layout":"default","site-content-style":"default","site-sidebar-style":"default","ast-global-header-display":"","ast-banner-title-visibility":"","ast-main-header-display":"","ast-hfb-above-header-display":"","ast-hfb-below-header-display":"","ast-hfb-mobile-header-display":"","site-post-title":"","ast-breadcrumbs-content":"","ast-featured-img":"","footer-sml-layout":"","ast-disable-related-posts":"","theme-transparent-header-meta":"default","adv-header-id-meta":"","stick-header-meta":"","header-above-stick-meta":"","header-main-stick-meta":"","header-below-stick-meta":"","astra-migrate-meta-layouts":"set","ast-page-background-enabled":"default","ast-page-background-meta":{"desktop":{"background-color":"var(--ast-global-color-4)","background-image":"","background-repeat":"repeat","background-position":"center center","background-size":"auto","background-attachment":"scroll","background-type":"","background-media":"","overlay-type":"","overlay-color":"","overlay-opacity":"","overlay-gradient":""},"tablet":{"background-color":"","background-image":"","background-repeat":"repeat","background-position":"center center","background-size":"auto","background-attachment":"scroll","background-type":"","background-media":"","overlay-type":"","overlay-color":"","overlay-opacity":"","overlay-gradient":""},"mobile":{"background-color":"","background-image":"","background-repeat":"repeat","background-position":"center center","background-size":"auto","background-attachment":"scroll","background-type":"","background-media":"","overlay-type":"","overlay-color":"","overlay-opacity":"","overlay-gradient":""}},"ast-content-background-meta":{"desktop":{"background-color":"var(--ast-global-color-5)","background-image":"","background-repeat":"repeat","background-position":"center center","background-size":"auto","background-attachment":"scroll","background-type":"","background-media":"","overlay-type":"","overlay-color":"","overlay-opacity":"","overlay-gradient":""},"tablet":{"background-color":"var(--ast-global-color-5)","background-image":"","background-repeat":"repeat","background-position":"center center","background-size":"auto","background-attachment":"scroll","background-type":"","background-media":"","overlay-type":"","overlay-color":"","overlay-opacity":"","overlay-gradient":""},"mobile":{"background-color":"var(--ast-global-color-5)","background-image":"","background-repeat":"repeat","background-position":"center center","background-size":"auto","background-attachment":"scroll","background-type":"","background-media":"","overlay-type":"","overlay-color":"","overlay-opacity":"","overlay-gradient":""}},"footnotes":""},"class_list":["post-3","page","type-page","status-publish","hentry"],"_links":{"self":[{"href":"https:\/\/maparentalite-emois.fr\/index.php\/wp-json\/wp\/v2\/pages\/3","targetHints":{"allow":["GET"]}}],"collection":[{"href":"https:\/\/maparentalite-emois.fr\/index.php\/wp-json\/wp\/v2\/pages"}],"about":[{"href":"https:\/\/maparentalite-emois.fr\/index.php\/wp-json\/wp\/v2\/types\/page"}],"author":[{"embeddable":true,"href":"https:\/\/maparentalite-emois.fr\/index.php\/wp-json\/wp\/v2\/users\/1"}],"replies":[{"embeddable":true,"href":"https:\/\/maparentalite-emois.fr\/index.php\/wp-json\/wp\/v2\/comments?post=3"}],"version-history":[{"count":5,"href":"https:\/\/maparentalite-emois.fr\/index.php\/wp-json\/wp\/v2\/pages\/3\/revisions"}],"predecessor-version":[{"id":1367,"href":"https:\/\/maparentalite-emois.fr\/index.php\/wp-json\/wp\/v2\/pages\/3\/revisions\/1367"}],"wp:attachment":[{"href":"https:\/\/maparentalite-emois.fr\/index.php\/wp-json\/wp\/v2\/media?parent=3"}],"curies":[{"name":"wp","href":"https:\/\/api.w.org\/{rel}","templated":true}]}}