{"id":217,"date":"2024-10-22T15:49:58","date_gmt":"2024-10-22T15:49:58","guid":{"rendered":"https:\/\/maparentalite-emois.fr\/?page_id=217"},"modified":"2025-11-25T17:00:26","modified_gmt":"2025-11-25T16:00:26","slug":"seance-bebes-yoga","status":"publish","type":"page","link":"https:\/\/maparentalite-emois.fr\/index.php\/seance-bebes-yoga\/","title":{"rendered":"S\u00e9ances b\u00e9b\u00e9 yoga"},"content":{"rendered":"\t\t<div data-elementor-type=\"wp-page\" data-elementor-id=\"217\" class=\"elementor elementor-217\">\n\t\t\t\t<div class=\"elementor-element elementor-element-8c744cb e-flex e-con-boxed e-con e-parent\" data-id=\"8c744cb\" data-element_type=\"container\" data-e-type=\"container\">\n\t\t\t\t\t<div class=\"e-con-inner\">\n\t\t<div class=\"elementor-element elementor-element-b2db291 e-con-full e-flex e-con e-child\" data-id=\"b2db291\" data-element_type=\"container\" data-e-type=\"container\">\n\t\t\t\t<div class=\"elementor-element elementor-element-165267b elementor-widget elementor-widget-heading\" data-id=\"165267b\" data-element_type=\"widget\" data-e-type=\"widget\" data-widget_type=\"heading.default\">\n\t\t\t\t<div class=\"elementor-widget-container\">\n\t\t\t\t\t<h2 class=\"elementor-heading-title elementor-size-default\">Eveil corporel-Yoga 18mois-4ans<\/h2>\t\t\t\t<\/div>\n\t\t\t\t<\/div>\n\t\t\t\t<div class=\"elementor-element elementor-element-9fdaf40 elementor-widget elementor-widget-text-editor\" data-id=\"9fdaf40\" data-element_type=\"widget\" data-e-type=\"widget\" data-widget_type=\"text-editor.default\">\n\t\t\t\t<div class=\"elementor-widget-container\">\n\t\t\t\t\t\t\t\t\t<div><div><p>Le b\u00e9b\u00e9 yoga permet d\u2019accompagner l&rsquo;enfant dans le d\u00e9veloppement de sa motricit\u00e9 et la d\u00e9couverte de son sch\u00e9ma corporel en respectant son mouvement naturel et inn\u00e9. Nous pouvons \u00e9galement guider le tout petit dans certaines postures pour l\u2019accompagner vers la relaxation et la d\u00e9tente. Nous ne le forcerons jamais , nous respecterons toujours ses limites.<\/p><p>Entre autres bienfaits le yoga b\u00e9b\u00e9 permet de :\u00a0<\/p><p>\u2022 Faciliter l\u2019endormissement et donc le sommeil\u00a0<\/p><p>\u2022 Renforcer ou cr\u00e9er le lien avec l\u2019enfant\u00a0<\/p><p>\u2022 Favoriser le d\u00e9veloppement moteur de b\u00e9b\u00e9\u00a0<\/p><p>\u2022Lib\u00e9rer les tensions et les \u00e9motions\u00a0<\/p><p>\u2022 Soulager les diff\u00e9rents maux que peut rencontrer l\u2019enfant<\/p><\/div><p>Tarifs: 45 mn=80 euros<\/p><\/div>\t\t\t\t\t\t\t\t<\/div>\n\t\t\t\t<\/div>\n\t\t\t\t<div class=\"elementor-element elementor-element-5a3d773 elementor-widget elementor-widget-image\" data-id=\"5a3d773\" data-element_type=\"widget\" data-e-type=\"widget\" data-widget_type=\"image.default\">\n\t\t\t\t<div class=\"elementor-widget-container\">\n\t\t\t\t\t\t\t\t\t\t\t\t\t\t\t<img fetchpriority=\"high\" decoding=\"async\" width=\"1024\" height=\"1024\" src=\"https:\/\/maparentalite-emois.fr\/wp-content\/uploads\/2024\/10\/16-1-1024x1024.png\" class=\"attachment-large size-large wp-image-514\" alt=\"\" srcset=\"https:\/\/maparentalite-emois.fr\/wp-content\/uploads\/2024\/10\/16-1-1024x1024.png 1024w, https:\/\/maparentalite-emois.fr\/wp-content\/uploads\/2024\/10\/16-1-300x300.png 300w, https:\/\/maparentalite-emois.fr\/wp-content\/uploads\/2024\/10\/16-1-150x150.png 150w, https:\/\/maparentalite-emois.fr\/wp-content\/uploads\/2024\/10\/16-1-768x768.png 768w, https:\/\/maparentalite-emois.fr\/wp-content\/uploads\/2024\/10\/16-1.png 1080w\" sizes=\"(max-width: 1024px) 100vw, 1024px\" \/>\t\t\t\t\t\t\t\t\t\t\t\t\t\t\t<\/div>\n\t\t\t\t<\/div>\n\t\t\t\t<\/div>\n\t\t<div class=\"elementor-element elementor-element-8f2ce36 e-con-full e-flex e-con e-child\" data-id=\"8f2ce36\" data-element_type=\"container\" data-e-type=\"container\">\n\t\t\t\t<div class=\"elementor-element elementor-element-c8c81c3 elementor-widget elementor-widget-image\" data-id=\"c8c81c3\" data-element_type=\"widget\" data-e-type=\"widget\" data-widget_type=\"image.default\">\n\t\t\t\t<div class=\"elementor-widget-container\">\n\t\t\t\t\t\t\t\t\t\t\t\t\t\t\t<img decoding=\"async\" width=\"1024\" height=\"1024\" src=\"https:\/\/maparentalite-emois.fr\/wp-content\/uploads\/2024\/10\/Design-sans-titre-22-1024x1024.png\" class=\"attachment-large size-large wp-image-513\" alt=\"\" srcset=\"https:\/\/maparentalite-emois.fr\/wp-content\/uploads\/2024\/10\/Design-sans-titre-22-1024x1024.png 1024w, https:\/\/maparentalite-emois.fr\/wp-content\/uploads\/2024\/10\/Design-sans-titre-22-300x300.png 300w, https:\/\/maparentalite-emois.fr\/wp-content\/uploads\/2024\/10\/Design-sans-titre-22-150x150.png 150w, https:\/\/maparentalite-emois.fr\/wp-content\/uploads\/2024\/10\/Design-sans-titre-22-768x768.png 768w, https:\/\/maparentalite-emois.fr\/wp-content\/uploads\/2024\/10\/Design-sans-titre-22.png 1080w\" sizes=\"(max-width: 1024px) 100vw, 1024px\" \/>\t\t\t\t\t\t\t\t\t\t\t\t\t\t\t<\/div>\n\t\t\t\t<\/div>\n\t\t\t\t<div class=\"elementor-element elementor-element-af8a2f2 elementor-widget elementor-widget-text-editor\" data-id=\"af8a2f2\" data-element_type=\"widget\" data-e-type=\"widget\" data-widget_type=\"text-editor.default\">\n\t\t\t\t<div class=\"elementor-widget-container\">\n\t\t\t\t\t\t\t\t\t<div><div><p><span style=\"font-style: inherit; font-weight: inherit; text-align: var(--text-align); color: var(--ast-global-color-7);\">Ateliers b\u00e9b\u00e9 yoga-\u00e9veil corporel en structure\u00a0\u00a0<\/span><\/p><\/div><p>Comment se d\u00e9roule les s\u00e9ances?<\/p><p>Les s\u00e9ances durent 45mn\/1 heure (si 2 groupes de 6 enfants) :<\/p><p>\u00a0Au programme postures de yoga ludiques, comptines, histoires, joies, \u00e9merveillement et relaxation. Je m&rsquo;adapte aux besoins des enfants.<\/p><p>\u00a0Au moins 2 pros pr\u00e9sents .<\/p><p>Avoir un espace pouvant accueillir au moins 6 tapis de yoga et la possibilit\u00e9 de se mouvoir.<\/p><p>Possibilit\u00e9 de pr\u00e9voir des ateliers avec les parents.<\/p><\/div>\t\t\t\t\t\t\t\t<\/div>\n\t\t\t\t<\/div>\n\t\t\t\t<\/div>\n\t\t\t\t\t<\/div>\n\t\t\t\t<\/div>\n\t\t\t\t<\/div>\n\t\t","protected":false},"excerpt":{"rendered":"<p>Eveil corporel-Yoga 18mois-4ans Le b\u00e9b\u00e9 yoga permet d\u2019accompagner l&rsquo;enfant dans le d\u00e9veloppement de sa motricit\u00e9 et la d\u00e9couverte de son [&hellip;]<\/p>\n","protected":false},"author":1,"featured_media":0,"parent":0,"menu_order":0,"comment_status":"closed","ping_status":"closed","template":"","meta":{"site-sidebar-layout":"no-sidebar","site-content-layout":"","ast-site-content-layout":"full-width-container","site-content-style":"default","site-sidebar-style":"default","ast-global-header-display":"","ast-banner-title-visibility":"","ast-main-header-display":"","ast-hfb-above-header-display":"","ast-hfb-below-header-display":"","ast-hfb-mobile-header-display":"","site-post-title":"disabled","ast-breadcrumbs-content":"","ast-featured-img":"disabled","footer-sml-layout":"","ast-disable-related-posts":"","theme-transparent-header-meta":"default","adv-header-id-meta":"","stick-header-meta":"","header-above-stick-meta":"","header-main-stick-meta":"","header-below-stick-meta":"","astra-migrate-meta-layouts":"set","ast-page-background-enabled":"default","ast-page-background-meta":{"desktop":{"background-color":"var(--ast-global-color-4)","background-image":"","background-repeat":"repeat","background-position":"center center","background-size":"auto","background-attachment":"scroll","background-type":"","background-media":"","overlay-type":"","overlay-color":"","overlay-opacity":"","overlay-gradient":""},"tablet":{"background-color":"","background-image":"","background-repeat":"repeat","background-position":"center center","background-size":"auto","background-attachment":"scroll","background-type":"","background-media":"","overlay-type":"","overlay-color":"","overlay-opacity":"","overlay-gradient":""},"mobile":{"background-color":"","background-image":"","background-repeat":"repeat","background-position":"center center","background-size":"auto","background-attachment":"scroll","background-type":"","background-media":"","overlay-type":"","overlay-color":"","overlay-opacity":"","overlay-gradient":""}},"ast-content-background-meta":{"desktop":{"background-color":"var(--ast-global-color-5)","background-image":"","background-repeat":"repeat","background-position":"center center","background-size":"auto","background-attachment":"scroll","background-type":"","background-media":"","overlay-type":"","overlay-color":"","overlay-opacity":"","overlay-gradient":""},"tablet":{"background-color":"var(--ast-global-color-5)","background-image":"","background-repeat":"repeat","background-position":"center center","background-size":"auto","background-attachment":"scroll","background-type":"","background-media":"","overlay-type":"","overlay-color":"","overlay-opacity":"","overlay-gradient":""},"mobile":{"background-color":"var(--ast-global-color-5)","background-image":"","background-repeat":"repeat","background-position":"center center","background-size":"auto","background-attachment":"scroll","background-type":"","background-media":"","overlay-type":"","overlay-color":"","overlay-opacity":"","overlay-gradient":""}},"footnotes":""},"class_list":["post-217","page","type-page","status-publish","hentry"],"_links":{"self":[{"href":"https:\/\/maparentalite-emois.fr\/index.php\/wp-json\/wp\/v2\/pages\/217","targetHints":{"allow":["GET"]}}],"collection":[{"href":"https:\/\/maparentalite-emois.fr\/index.php\/wp-json\/wp\/v2\/pages"}],"about":[{"href":"https:\/\/maparentalite-emois.fr\/index.php\/wp-json\/wp\/v2\/types\/page"}],"author":[{"embeddable":true,"href":"https:\/\/maparentalite-emois.fr\/index.php\/wp-json\/wp\/v2\/users\/1"}],"replies":[{"embeddable":true,"href":"https:\/\/maparentalite-emois.fr\/index.php\/wp-json\/wp\/v2\/comments?post=217"}],"version-history":[{"count":14,"href":"https:\/\/maparentalite-emois.fr\/index.php\/wp-json\/wp\/v2\/pages\/217\/revisions"}],"predecessor-version":[{"id":1456,"href":"https:\/\/maparentalite-emois.fr\/index.php\/wp-json\/wp\/v2\/pages\/217\/revisions\/1456"}],"wp:attachment":[{"href":"https:\/\/maparentalite-emois.fr\/index.php\/wp-json\/wp\/v2\/media?parent=217"}],"curies":[{"name":"wp","href":"https:\/\/api.w.org\/{rel}","templated":true}]}}