{"id":192,"date":"2024-10-21T14:59:38","date_gmt":"2024-10-21T14:59:38","guid":{"rendered":"https:\/\/maparentalite-emois.fr\/?page_id=192"},"modified":"2025-11-25T17:03:26","modified_gmt":"2025-11-25T16:03:26","slug":"seance-parent-bebe-yoga-18-36-mois-a-domicile","status":"publish","type":"page","link":"https:\/\/maparentalite-emois.fr\/index.php\/seance-parent-bebe-yoga-18-36-mois-a-domicile\/","title":{"rendered":"Yoga parent-enfant 18 mois -4 ans"},"content":{"rendered":"\t\t<div data-elementor-type=\"wp-page\" data-elementor-id=\"192\" class=\"elementor elementor-192\">\n\t\t\t\t<div class=\"elementor-element elementor-element-dcac81e e-flex e-con-boxed e-con e-parent\" data-id=\"dcac81e\" data-element_type=\"container\" data-e-type=\"container\">\n\t\t\t\t\t<div class=\"e-con-inner\">\n\t\t<div class=\"elementor-element elementor-element-48efc6d e-con-full e-flex e-con e-child\" data-id=\"48efc6d\" data-element_type=\"container\" data-e-type=\"container\">\n\t\t\t\t<div class=\"elementor-element elementor-element-b6332af elementor-widget elementor-widget-heading\" data-id=\"b6332af\" data-element_type=\"widget\" data-e-type=\"widget\" data-widget_type=\"heading.default\">\n\t\t\t\t<div class=\"elementor-widget-container\">\n\t\t\t\t\t<h2 class=\"elementor-heading-title elementor-size-default\"><b>Yoga Parent-Enfant <\/b><br><b>  <\/b><\/h2>\t\t\t\t<\/div>\n\t\t\t\t<\/div>\n\t\t\t\t<div class=\"elementor-element elementor-element-9a95526 elementor-widget elementor-widget-heading\" data-id=\"9a95526\" data-element_type=\"widget\" data-e-type=\"widget\" data-widget_type=\"heading.default\">\n\t\t\t\t<div class=\"elementor-widget-container\">\n\t\t\t\t\t<h2 class=\"elementor-heading-title elementor-size-default\">Pour les enfants de 18 mois \u00e0 4 ans &amp; leurs parents\n\n<\/h2>\t\t\t\t<\/div>\n\t\t\t\t<\/div>\n\t\t\t\t<div class=\"elementor-element elementor-element-cd5963a elementor-widget elementor-widget-text-editor\" data-id=\"cd5963a\" data-element_type=\"widget\" data-e-type=\"widget\" data-widget_type=\"text-editor.default\">\n\t\t\t\t<div class=\"elementor-widget-container\">\n\t\t\t\t\t\t\t\t\t<h3>Un moment complice, joyeux et ressour\u00e7ant<\/h3><p>\u00a0<\/p><p>Et si on s\u2019offrait une parenth\u00e8se rien qu\u2019\u00e0 deux ?<\/p><p>Les s\u00e9ances de yoga parent-enfant sont des moments de joie partag\u00e9e, d\u2019exploration du corps, de rire, de calme\u2026 et de beaucoup de c\u00e2lins.<\/p><p>\u00c0 travers des postures ludiques, des jeux sensoriels, des comptines, des petites histoires, des parcours moteurs, ou encore des temps de relaxation, vous vivez un moment complice, doux et vibrant avec votre enfant.<\/p>\t\t\t\t\t\t\t\t<\/div>\n\t\t\t\t<\/div>\n\t\t\t\t<div class=\"elementor-element elementor-element-db71ca8 elementor-widget elementor-widget-text-editor\" data-id=\"db71ca8\" data-element_type=\"widget\" data-e-type=\"widget\" data-widget_type=\"text-editor.default\">\n\t\t\t\t<div class=\"elementor-widget-container\">\n\t\t\t\t\t\t\t\t\t<h3>Pourquoi du yoga d\u00e8s 18 mois ?<\/h3><p>\u00a0<\/p><p>Parce qu\u2019\u00e0 cet \u00e2ge, les enfants :<\/p><ul><li><p>bougent beaucoup (et adorent \u00e7a !)<\/p><\/li><li><p>apprennent par le jeu et l\u2019imitation<\/p><\/li><li><p>d\u00e9veloppent leur motricit\u00e9, leur attention, leur imagination<\/p><\/li><li><p>et\u2026 aiment profond\u00e9ment partager avec leur parent\u00a0<\/p><\/li><\/ul><p>Le yoga pour les tout-petits n\u2019a rien \u00e0 voir avec \u201ctenir une posture parfaite\u201d : c\u2019est une invitation \u00e0 ressentir, bouger, respirer, \u00e9couter, s\u2019apaiser\u2026 ensemble.<\/p>\t\t\t\t\t\t\t\t<\/div>\n\t\t\t\t<\/div>\n\t\t\t\t<\/div>\n\t\t<div class=\"elementor-element elementor-element-97027e0 e-con-full e-flex e-con e-child\" data-id=\"97027e0\" data-element_type=\"container\" data-e-type=\"container\">\n\t\t\t\t<div class=\"elementor-element elementor-element-b5832a8 elementor-widget elementor-widget-image\" data-id=\"b5832a8\" data-element_type=\"widget\" data-e-type=\"widget\" data-widget_type=\"image.default\">\n\t\t\t\t<div class=\"elementor-widget-container\">\n\t\t\t\t\t\t\t\t\t\t\t\t\t\t\t<img fetchpriority=\"high\" decoding=\"async\" width=\"1024\" height=\"1024\" src=\"https:\/\/maparentalite-emois.fr\/wp-content\/uploads\/2025\/05\/57-1024x1024.png\" class=\"attachment-large size-large wp-image-1168\" alt=\"\" srcset=\"https:\/\/maparentalite-emois.fr\/wp-content\/uploads\/2025\/05\/57-1024x1024.png 1024w, https:\/\/maparentalite-emois.fr\/wp-content\/uploads\/2025\/05\/57-300x300.png 300w, https:\/\/maparentalite-emois.fr\/wp-content\/uploads\/2025\/05\/57-150x150.png 150w, https:\/\/maparentalite-emois.fr\/wp-content\/uploads\/2025\/05\/57-768x768.png 768w, https:\/\/maparentalite-emois.fr\/wp-content\/uploads\/2025\/05\/57.png 1080w\" sizes=\"(max-width: 1024px) 100vw, 1024px\" \/>\t\t\t\t\t\t\t\t\t\t\t\t\t\t\t<\/div>\n\t\t\t\t<\/div>\n\t\t\t\t<div class=\"elementor-element elementor-element-06e8cb0 elementor-widget elementor-widget-text-editor\" data-id=\"06e8cb0\" data-element_type=\"widget\" data-e-type=\"widget\" data-widget_type=\"text-editor.default\">\n\t\t\t\t<div class=\"elementor-widget-container\">\n\t\t\t\t\t\t\t\t\t<p><u>Tarifs :<\/u><\/p>\n<ul>\n<li>\n<p>18 \u20ac \/ s\u00e9ance pour 1 duo (1 enfant + 1 adulte)<\/p>\n<\/li>\n<li>\n<p>23 \u20ac pour 1 adulte + 2 enfants ou 2 adultes + 1 enfant<\/p>\n<\/li>\n<li>\n<p>Tarif adh\u00e9rents Fit Family :<\/p>\n<p>\u2192 15 \u20ac \/ duo<\/p>\n<p>\u2192 18 \u20ac \/ trio<\/p>\n<p><u>Lieu :<\/u><\/p>\n<p>Fit Family Castelnau-le-Lez<\/p>\n<p>500 avenue de l\u2019Europe,<\/p>\n<\/li>\n<li>\n<p><span style=\"font-style: inherit; font-weight: inherit;\">34170 Castelnau-le-Lez<\/span><\/p>\n<\/li>\n<li>\n<p><span style=\"font-style: inherit; font-weight: inherit;\">Certains dimanches&nbsp; de 10h \u00e0 11h<\/span><\/p>\n<\/li>\n<\/ul>\t\t\t\t\t\t\t\t<\/div>\n\t\t\t\t<\/div>\n\t\t\t\t<div class=\"elementor-element elementor-element-6961492 elementor-widget elementor-widget-button\" data-id=\"6961492\" data-element_type=\"widget\" data-e-type=\"widget\" data-widget_type=\"button.default\">\n\t\t\t\t<div class=\"elementor-widget-container\">\n\t\t\t\t\t\t\t\t\t<div class=\"elementor-button-wrapper\">\n\t\t\t\t\t<a class=\"elementor-button elementor-button-link elementor-size-sm\" href=\"https:\/\/maparentalite-emois.fr\/index.php\/decouvrez-et-reservez-tous-vos-ateliers-ici\/\" id=\"id_service_amelia\">\n\t\t\t\t\t\t<span class=\"elementor-button-content-wrapper\">\n\t\t\t\t\t\t\t\t\t<span class=\"elementor-button-text\">Je r\u00e9serve<\/span>\n\t\t\t\t\t<\/span>\n\t\t\t\t\t<\/a>\n\t\t\t\t<\/div>\n\t\t\t\t\t\t\t\t<\/div>\n\t\t\t\t<\/div>\n\t\t\t\t<\/div>\n\t\t<div class=\"elementor-element elementor-element-892160a e-con-full e-flex e-con e-child\" data-id=\"892160a\" data-element_type=\"container\" data-e-type=\"container\">\n\t\t\t\t<div class=\"elementor-element elementor-element-e07b643 elementor-widget elementor-widget-text-editor\" data-id=\"e07b643\" data-element_type=\"widget\" data-e-type=\"widget\" data-widget_type=\"text-editor.default\">\n\t\t\t\t<div class=\"elementor-widget-container\">\n\t\t\t\t\t\t\t\t\t<h3>Ce qu\u2019on fait pendant la s\u00e9ance :<\/h3><p>\u00a0<\/p><ul><li><p>Des postures rigolotes, souvent en duo, pour jouer avec le corps<\/p><\/li><li><p>Des comptines et chansons pour rythmer les mouvements<\/p><\/li><li><p>Des jeux de respiration pour se calmer et s\u2019ancrer<\/p><\/li><li><p>Des petites histoires imaginaires qui font voyager<\/p><\/li><li><p>Un parcours moteur pour grimper, ramper, sauter !<\/p><\/li><li><p>Et un temps de relaxation tout doux, berc\u00e9 par une voix, une musique ou un c\u00e2lin<\/p><\/li><\/ul>\t\t\t\t\t\t\t\t<\/div>\n\t\t\t\t<\/div>\n\t\t\t\t<\/div>\n\t\t<div class=\"elementor-element elementor-element-97871f1 e-con-full e-flex e-con e-child\" data-id=\"97871f1\" data-element_type=\"container\" data-e-type=\"container\">\n\t\t\t\t<div class=\"elementor-element elementor-element-9e23699 elementor-widget elementor-widget-text-editor\" data-id=\"9e23699\" data-element_type=\"widget\" data-e-type=\"widget\" data-widget_type=\"text-editor.default\">\n\t\t\t\t<div class=\"elementor-widget-container\">\n\t\t\t\t\t\t\t\t\t<p>\u00a0\u00a0La s\u00e9ance est organis\u00e9e pour offrir un temps de d\u00e9tente, de mouvement et d\u2019\u00e9veil partag\u00e9, dans un cadre bienveillant et adapt\u00e9 aux jeunes enfants.<\/p>\t\t\t\t\t\t\t\t<\/div>\n\t\t\t\t<\/div>\n\t\t\t\t<div class=\"elementor-element elementor-element-05479c1 elementor-widget elementor-widget-text-editor\" data-id=\"05479c1\" data-element_type=\"widget\" data-e-type=\"widget\" data-widget_type=\"text-editor.default\">\n\t\t\t\t<div class=\"elementor-widget-container\">\n\t\t\t\t\t\t\t\t\t<h3>Un temps pour vous reconnecter<\/h3><p>\u00a0<\/p><p>Ce temps de yoga, c\u2019est bien plus qu\u2019une activit\u00e9.<\/p><p>C\u2019est un espace de lien, de d\u00e9tente, d\u2019\u00e9coute et d\u2019\u00e9merveillement mutuel.<\/p><p>C\u2019est l\u2019occasion de ralentir, de rire, de respirer ensemble.<\/p><p>Et de repartir le c\u0153ur l\u00e9ger, un peu plus proche l\u2019un de l\u2019autre<\/p>\t\t\t\t\t\t\t\t<\/div>\n\t\t\t\t<\/div>\n\t\t\t\t<\/div>\n\t\t\t\t\t<\/div>\n\t\t\t\t<\/div>\n\t\t\t\t<\/div>\n\t\t","protected":false},"excerpt":{"rendered":"<p>Yoga Parent-Enfant Pour les enfants de 18 mois \u00e0 4 ans &amp; leurs parents Un moment complice, joyeux et ressour\u00e7ant [&hellip;]<\/p>\n","protected":false},"author":1,"featured_media":0,"parent":0,"menu_order":0,"comment_status":"closed","ping_status":"closed","template":"","meta":{"site-sidebar-layout":"no-sidebar","site-content-layout":"","ast-site-content-layout":"full-width-container","site-content-style":"default","site-sidebar-style":"default","ast-global-header-display":"","ast-banner-title-visibility":"","ast-main-header-display":"","ast-hfb-above-header-display":"","ast-hfb-below-header-display":"","ast-hfb-mobile-header-display":"","site-post-title":"disabled","ast-breadcrumbs-content":"","ast-featured-img":"disabled","footer-sml-layout":"","ast-disable-related-posts":"","theme-transparent-header-meta":"default","adv-header-id-meta":"","stick-header-meta":"","header-above-stick-meta":"","header-main-stick-meta":"","header-below-stick-meta":"","astra-migrate-meta-layouts":"set","ast-page-background-enabled":"default","ast-page-background-meta":{"desktop":{"background-color":"var(--ast-global-color-4)","background-image":"","background-repeat":"repeat","background-position":"center center","background-size":"auto","background-attachment":"scroll","background-type":"","background-media":"","overlay-type":"","overlay-color":"","overlay-opacity":"","overlay-gradient":""},"tablet":{"background-color":"","background-image":"","background-repeat":"repeat","background-position":"center center","background-size":"auto","background-attachment":"scroll","background-type":"","background-media":"","overlay-type":"","overlay-color":"","overlay-opacity":"","overlay-gradient":""},"mobile":{"background-color":"","background-image":"","background-repeat":"repeat","background-position":"center center","background-size":"auto","background-attachment":"scroll","background-type":"","background-media":"","overlay-type":"","overlay-color":"","overlay-opacity":"","overlay-gradient":""}},"ast-content-background-meta":{"desktop":{"background-color":"var(--ast-global-color-5)","background-image":"","background-repeat":"repeat","background-position":"center center","background-size":"auto","background-attachment":"scroll","background-type":"","background-media":"","overlay-type":"","overlay-color":"","overlay-opacity":"","overlay-gradient":""},"tablet":{"background-color":"var(--ast-global-color-5)","background-image":"","background-repeat":"repeat","background-position":"center center","background-size":"auto","background-attachment":"scroll","background-type":"","background-media":"","overlay-type":"","overlay-color":"","overlay-opacity":"","overlay-gradient":""},"mobile":{"background-color":"var(--ast-global-color-5)","background-image":"","background-repeat":"repeat","background-position":"center center","background-size":"auto","background-attachment":"scroll","background-type":"","background-media":"","overlay-type":"","overlay-color":"","overlay-opacity":"","overlay-gradient":""}},"footnotes":""},"class_list":["post-192","page","type-page","status-publish","hentry"],"_links":{"self":[{"href":"https:\/\/maparentalite-emois.fr\/index.php\/wp-json\/wp\/v2\/pages\/192","targetHints":{"allow":["GET"]}}],"collection":[{"href":"https:\/\/maparentalite-emois.fr\/index.php\/wp-json\/wp\/v2\/pages"}],"about":[{"href":"https:\/\/maparentalite-emois.fr\/index.php\/wp-json\/wp\/v2\/types\/page"}],"author":[{"embeddable":true,"href":"https:\/\/maparentalite-emois.fr\/index.php\/wp-json\/wp\/v2\/users\/1"}],"replies":[{"embeddable":true,"href":"https:\/\/maparentalite-emois.fr\/index.php\/wp-json\/wp\/v2\/comments?post=192"}],"version-history":[{"count":30,"href":"https:\/\/maparentalite-emois.fr\/index.php\/wp-json\/wp\/v2\/pages\/192\/revisions"}],"predecessor-version":[{"id":1459,"href":"https:\/\/maparentalite-emois.fr\/index.php\/wp-json\/wp\/v2\/pages\/192\/revisions\/1459"}],"wp:attachment":[{"href":"https:\/\/maparentalite-emois.fr\/index.php\/wp-json\/wp\/v2\/media?parent=192"}],"curies":[{"name":"wp","href":"https:\/\/api.w.org\/{rel}","templated":true}]}}