{"id":190,"date":"2024-10-21T14:59:38","date_gmt":"2024-10-21T14:59:38","guid":{"rendered":"https:\/\/maparentalite-emois.fr\/?page_id=190"},"modified":"2025-07-07T15:01:28","modified_gmt":"2025-07-07T13:01:28","slug":"ateliers-explorations-ludiques-a-domicile","status":"publish","type":"page","link":"https:\/\/maparentalite-emois.fr\/index.php\/ateliers-explorations-ludiques-a-domicile\/","title":{"rendered":"Atelier Yes space nature"},"content":{"rendered":"\t\t<div data-elementor-type=\"wp-page\" data-elementor-id=\"190\" class=\"elementor elementor-190\">\n\t\t\t\t<div class=\"elementor-element elementor-element-9a339a5 e-flex e-con-boxed e-con e-parent\" data-id=\"9a339a5\" data-element_type=\"container\" data-e-type=\"container\">\n\t\t\t\t\t<div class=\"e-con-inner\">\n\t\t\t\t<div class=\"elementor-element elementor-element-d9f3063 elementor-widget elementor-widget-heading\" data-id=\"d9f3063\" data-element_type=\"widget\" data-e-type=\"widget\" data-widget_type=\"heading.default\">\n\t\t\t\t<div class=\"elementor-widget-container\">\n\t\t\t\t\t<h2 class=\"elementor-heading-title elementor-size-default\"><b>Atelier YES Space Nature<\/h2>\t\t\t\t<\/div>\n\t\t\t\t<\/div>\n\t\t<div class=\"elementor-element elementor-element-e8c1ae7 e-con-full e-flex e-con e-child\" data-id=\"e8c1ae7\" data-element_type=\"container\" data-e-type=\"container\">\n\t\t\t\t<div class=\"elementor-element elementor-element-b4fe7dd elementor-widget elementor-widget-heading\" data-id=\"b4fe7dd\" data-element_type=\"widget\" data-e-type=\"widget\" data-widget_type=\"heading.default\">\n\t\t\t\t<div class=\"elementor-widget-container\">\n\t\t\t\t\t<h2 class=\"elementor-heading-title elementor-size-default\">Un atelier d\u2019exploration libre et sensorielle pour les tout-petits (8 mois \u00e0 4 ans)<\/h2>\t\t\t\t<\/div>\n\t\t\t\t<\/div>\n\t\t\t\t<div class=\"elementor-element elementor-element-b9001b9 elementor-widget elementor-widget-text-editor\" data-id=\"b9001b9\" data-element_type=\"widget\" data-e-type=\"widget\" data-widget_type=\"text-editor.default\">\n\t\t\t\t<div class=\"elementor-widget-container\">\n\t\t\t\t\t\t\t\t\t<h3>Un moment simple, doux, et (un peu) salissant<\/h3><p>\u00a0<\/p><p>YES Space Nature, c\u2019est un temps suspendu, pens\u00e9 pour les tout-petits et leurs parents.<\/p><p>Un moment d\u2019exploration joyeuse et sensorielle o\u00f9 les enfants peuvent toucher, transvaser, patouiller, \u00e9couter, construire, r\u00eaver\u2026 \u00e0 leur rythme.<\/p><p>Un atelier o\u00f9 l\u2019on ne cherche pas \u00e0 \u201cfaire bien\u201d ou \u201cfaire vite\u201d, mais simplement \u00e0 \u00eatre l\u00e0, ensemble, dans un environnement pens\u00e9 pour \u00e9veiller les sens en toute s\u00e9curit\u00e9.<\/p>\t\t\t\t\t\t\t\t<\/div>\n\t\t\t\t<\/div>\n\t\t\t\t<div class=\"elementor-element elementor-element-164bc6d elementor-widget elementor-widget-text-editor\" data-id=\"164bc6d\" data-element_type=\"widget\" data-e-type=\"widget\" data-widget_type=\"text-editor.default\">\n\t\t\t\t<div class=\"elementor-widget-container\">\n\t\t\t\t\t\t\t\t\t<h3>Explorer, sentir, manipuler\u2026 naturellement<\/h3><p>\u00a0<\/p><p>La nature est notre grande invit\u00e9e, m\u00eame entre quatre murs !<\/p><p>\u00c0 travers diff\u00e9rentes mati\u00e8res naturelles (graines, terre, sable, eau, feuilles, bois\u2026), les enfants sont invit\u00e9s \u00e0 :<\/p><p>\u00a0<\/p><ul><li><p>transvaser, verser, renverser<\/p><\/li><li><p>toucher, malaxer, frotter<\/p><\/li><li><p>\u00e9couter, observer, s\u2019\u00e9tonner<\/p><\/li><li><p>et surtout\u2026 vivre l\u2019instant avec tout leur corps.<\/p><\/li><\/ul><p>\u00a0<\/p><p>Chaque s\u00e9ance est organis\u00e9e en petits p\u00f4les d\u2019exploration libre : chaque enfant choisit ce qui l\u2019attire et y reste le temps qu\u2019il veut. Il n\u2019y a pas de consigne, juste des propositions ouvertes.<\/p>\t\t\t\t\t\t\t\t<\/div>\n\t\t\t\t<\/div>\n\t\t\t\t<div class=\"elementor-element elementor-element-f66ad2e elementor-widget elementor-widget-text-editor\" data-id=\"f66ad2e\" data-element_type=\"widget\" data-e-type=\"widget\" data-widget_type=\"text-editor.default\">\n\t\t\t\t<div class=\"elementor-widget-container\">\n\t\t\t\t\t\t\t\t\t<h3>Pourquoi YES Space Nature ?<\/h3><p>\u00a0<\/p><p>Parce que dans cet espace, on dit OUI :<\/p><ul><li><p>\u00e0 la libert\u00e9 d\u2019explorer \u00e0 son rythme<\/p><\/li><li><p>\u00e0 l\u2019enfant qui teste, invente, recommence<\/p><\/li><li><p>\u00e0 la relation parent-enfant qui se construit dans la simplicit\u00e9<\/p><\/li><li><p>\u00e0 la nature comme alli\u00e9e du d\u00e9veloppement et de l\u2019\u00e9merveillement<\/p><\/li><\/ul><p>Et surtout, on dit OUI \u00e0 ce moment que vous vous offrez ensemble, en toute douceur<\/p>\t\t\t\t\t\t\t\t<\/div>\n\t\t\t\t<\/div>\n\t\t\t\t<div class=\"elementor-element elementor-element-1899657 elementor-widget elementor-widget-image\" data-id=\"1899657\" data-element_type=\"widget\" data-e-type=\"widget\" data-widget_type=\"image.default\">\n\t\t\t\t<div class=\"elementor-widget-container\">\n\t\t\t\t\t\t\t\t\t\t\t\t\t\t\t<img decoding=\"async\" src=\"https:\/\/maparentalite-emois.fr\/wordpress\/wp-content\/uploads\/2024\/10\/15.png\" title=\"\" alt=\"\" loading=\"lazy\" \/>\t\t\t\t\t\t\t\t\t\t\t\t\t\t\t<\/div>\n\t\t\t\t<\/div>\n\t\t\t\t<\/div>\n\t\t<div class=\"elementor-element elementor-element-fc13171 e-con-full e-flex e-con e-child\" data-id=\"fc13171\" data-element_type=\"container\" data-e-type=\"container\">\n\t\t\t\t<div class=\"elementor-element elementor-element-a2f8b53 elementor-widget elementor-widget-image\" data-id=\"a2f8b53\" data-element_type=\"widget\" data-e-type=\"widget\" data-widget_type=\"image.default\">\n\t\t\t\t<div class=\"elementor-widget-container\">\n\t\t\t\t\t\t\t\t\t\t\t\t\t\t\t<img fetchpriority=\"high\" decoding=\"async\" width=\"1024\" height=\"1024\" src=\"https:\/\/maparentalite-emois.fr\/wp-content\/uploads\/2024\/10\/17-1024x1024.png\" class=\"attachment-large size-large wp-image-324\" alt=\"\" srcset=\"https:\/\/maparentalite-emois.fr\/wp-content\/uploads\/2024\/10\/17-1024x1024.png 1024w, https:\/\/maparentalite-emois.fr\/wp-content\/uploads\/2024\/10\/17-300x300.png 300w, https:\/\/maparentalite-emois.fr\/wp-content\/uploads\/2024\/10\/17-150x150.png 150w, https:\/\/maparentalite-emois.fr\/wp-content\/uploads\/2024\/10\/17-768x768.png 768w, https:\/\/maparentalite-emois.fr\/wp-content\/uploads\/2024\/10\/17.png 1080w\" sizes=\"(max-width: 1024px) 100vw, 1024px\" \/>\t\t\t\t\t\t\t\t\t\t\t\t\t\t\t<\/div>\n\t\t\t\t<\/div>\n\t\t\t\t<div class=\"elementor-element elementor-element-d8ce128 elementor-widget elementor-widget-heading\" data-id=\"d8ce128\" data-element_type=\"widget\" data-e-type=\"widget\" data-widget_type=\"heading.default\">\n\t\t\t\t<div class=\"elementor-widget-container\">\n\t\t\t\t\t<h2 class=\"elementor-heading-title elementor-size-default\"><b> Tarifs et Formules <\/b><\/h2>\t\t\t\t<\/div>\n\t\t\t\t<\/div>\n\t\t\t\t<div class=\"elementor-element elementor-element-bb0504f elementor-widget elementor-widget-text-editor\" data-id=\"bb0504f\" data-element_type=\"widget\" data-e-type=\"widget\" data-widget_type=\"text-editor.default\">\n\t\t\t\t<div class=\"elementor-widget-container\">\n\t\t\t\t\t\t\t\t\t<h3>D\u00e9roul\u00e9 &amp; infos pratiques<\/h3><p>\u00a0<\/p><ul><li><p>Dur\u00e9e : entre 1h15 et 1h30<\/p><\/li><li><p>Tarifs :<\/p><p>\u2022 25 \u20ac \u2192 1 enfant + 1 adulte<\/p><p>\u2022 35 \u20ac \u2192 2 enfants + 1 adulte ou 1 enfant + 2 adultes<\/p><\/li><li><p>Tenue conseill\u00e9e : confortable, sans crainte de la tache<\/p><p>Pr\u00e9voyez des v\u00eatements de rechange, l\u2019aventure peut \u00eatre salissante (et joyeuse) !<\/p><\/li><\/ul>\t\t\t\t\t\t\t\t<\/div>\n\t\t\t\t<\/div>\n\t\t\t\t<div class=\"elementor-element elementor-element-3fb15a6 elementor-widget elementor-widget-heading\" data-id=\"3fb15a6\" data-element_type=\"widget\" data-e-type=\"widget\" data-widget_type=\"heading.default\">\n\t\t\t\t<div class=\"elementor-widget-container\">\n\t\t\t\t\t<h2 class=\"elementor-heading-title elementor-size-default\"><b>R\u00e9servez votre atelier d\u2019exploration ludique !<\/b><\/h2>\t\t\t\t<\/div>\n\t\t\t\t<\/div>\n\t\t\t\t<div class=\"elementor-element elementor-element-5cf153d elementor-widget elementor-widget-text-editor\" data-id=\"5cf153d\" data-element_type=\"widget\" data-e-type=\"widget\" data-widget_type=\"text-editor.default\">\n\t\t\t\t<div class=\"elementor-widget-container\">\n\t\t\t\t\t\t\t\t\t<p>Ces ateliers offrent un espace pr\u00e9cieux d\u2019exploration, de complicit\u00e9 et de partage pour votre enfant, tout en respectant son rythme et ses besoins individuels.\u00a0<\/p>\t\t\t\t\t\t\t\t<\/div>\n\t\t\t\t<\/div>\n\t\t\t\t<div class=\"elementor-element elementor-element-f95e3ec elementor-widget elementor-widget-button\" data-id=\"f95e3ec\" data-element_type=\"widget\" data-e-type=\"widget\" data-widget_type=\"button.default\">\n\t\t\t\t<div class=\"elementor-widget-container\">\n\t\t\t\t\t\t\t\t\t<div class=\"elementor-button-wrapper\">\n\t\t\t\t\t<a class=\"elementor-button elementor-button-link elementor-size-sm\" href=\"https:\/\/maparentalite-emois.fr\/index.php\/decouvrez-et-reservez-tous-vos-ateliers-ici\/\" id=\"id_service_amelia\">\n\t\t\t\t\t\t<span class=\"elementor-button-content-wrapper\">\n\t\t\t\t\t\t\t\t\t<span class=\"elementor-button-text\">r\u00e9servez votre atelier<\/span>\n\t\t\t\t\t<\/span>\n\t\t\t\t\t<\/a>\n\t\t\t\t<\/div>\n\t\t\t\t\t\t\t\t<\/div>\n\t\t\t\t<\/div>\n\t\t\t\t<\/div>\n\t\t<div class=\"elementor-element elementor-element-cd78ebb e-con-full e-flex e-con e-child\" data-id=\"cd78ebb\" data-element_type=\"container\" data-e-type=\"container\">\n\t\t\t\t<div class=\"elementor-element elementor-element-3e66907 elementor-widget elementor-widget-heading\" data-id=\"3e66907\" data-element_type=\"widget\" data-e-type=\"widget\" data-widget_type=\"heading.default\">\n\t\t\t\t<div class=\"elementor-widget-container\">\n\t\t\t\t\t<h4 class=\"elementor-heading-title elementor-size-default\"> Pour les parents :Un espace d\u2019\u00e9changes et de d\u00e9couvertes <\/h4>\t\t\t\t<\/div>\n\t\t\t\t<\/div>\n\t\t\t\t<div class=\"elementor-element elementor-element-e3f78a6 elementor-widget elementor-widget-text-editor\" data-id=\"e3f78a6\" data-element_type=\"widget\" data-e-type=\"widget\" data-widget_type=\"text-editor.default\">\n\t\t\t\t<div class=\"elementor-widget-container\">\n\t\t\t\t\t\t\t\t\t<p>Les ateliers offrent \u00e9galement aux parents l\u2019opportunit\u00e9 de d\u00e9couvrir des approches p\u00e9dagogiques inspirantes, et de poser leurs questions dans un cadre bienveillant et convivial. Que ce soit pour comprendre les principes de la motricit\u00e9 libre ou pour \u00e9changer sur le d\u00e9veloppement de votre enfant, vous trouverez ici un espace o\u00f9 l\u2019on prend le temps de s\u2019\u00e9merveiller ensemble des capacit\u00e9s naturelles des tout-petits.<\/p>\t\t\t\t\t\t\t\t<\/div>\n\t\t\t\t<\/div>\n\t\t\t\t<\/div>\n\t\t<div class=\"elementor-element elementor-element-e324f1a e-con-full e-flex e-con e-child\" data-id=\"e324f1a\" data-element_type=\"container\" data-e-type=\"container\">\n\t\t\t\t<div class=\"elementor-element elementor-element-f64a0e5 elementor-widget elementor-widget-catalogbooking\" data-id=\"f64a0e5\" data-element_type=\"widget\" data-e-type=\"widget\" data-widget_type=\"catalogbooking.default\">\n\t\t\t\t<div class=\"elementor-widget-container\">\n\t\t\t\t\t\n<script>\n  if (typeof hasAmeliaEntitiesApiCall === 'undefined' && ('id_service_amelia' === '' && '1' !== '1')) {\n    var hasAmeliaEntitiesApiCall = true;\n  }\n  var ameliaShortcodeData = (typeof ameliaShortcodeData === 'undefined') ? [] : ameliaShortcodeData;\n  ameliaShortcodeData.push(\n    {\n      'hasApiCall': (typeof hasAmeliaEntitiesApiCall !== 'undefined') && hasAmeliaEntitiesApiCall,\n      'trigger': 'id_service_amelia',\n      'trigger_type': 'id',\n      'triggered_form': 'cbf',\n      'in_dialog': '1',\n      'show': '',\n      'counter': '1000',\n      'package': '',\n      'category': '',\n      'service': '7',\n      'employee': '',\n      'location': '',\n      'categories_hidden': '1'\n    }\n  );\n  var ameliaShortcodeDataTriggered = (typeof ameliaShortcodeDataTriggered === 'undefined') ? [] : ameliaShortcodeDataTriggered;\n  if (ameliaShortcodeData[ameliaShortcodeData.length - 1].trigger !== '') {\n    if (ameliaShortcodeDataTriggered.filter(a => a.counter === ameliaShortcodeData[ameliaShortcodeData.length - 1].counter).length === 0) {\n      ameliaShortcodeDataTriggered.push(ameliaShortcodeData.pop());\n    } else {\n      ameliaShortcodeData.pop()\n    }\n  }\n  if (typeof hasAmeliaEntitiesApiCall !== 'undefined' && hasAmeliaEntitiesApiCall) {\n    hasAmeliaEntitiesApiCall = false;\n  }\n<\/script>\n\n<div\n  id=\"amelia-v2-booking-1000\"\n  class=\"amelia-v2-booking amelia-skip-load amelia-skip-load-1000\"\n>\n    <dialog-forms><\/dialog-forms><\/div>\n\t\t\t\t<\/div>\n\t\t\t\t<\/div>\n\t\t\t\t<div class=\"elementor-element elementor-element-fe64c97 elementor-widget elementor-widget-heading\" data-id=\"fe64c97\" data-element_type=\"widget\" data-e-type=\"widget\" data-widget_type=\"heading.default\">\n\t\t\t\t<div class=\"elementor-widget-container\">\n\t\t\t\t\t<h4 class=\"elementor-heading-title elementor-size-default\">D\u00e9roulement d'un atelier<\/h4>\t\t\t\t<\/div>\n\t\t\t\t<\/div>\n\t\t\t\t<div class=\"elementor-element elementor-element-e56a05d elementor-widget elementor-widget-text-editor\" data-id=\"e56a05d\" data-element_type=\"widget\" data-e-type=\"widget\" data-widget_type=\"text-editor.default\">\n\t\t\t\t<div class=\"elementor-widget-container\">\n\t\t\t\t\t\t\t\t\t<p>Lors de chaque atelier, un espace de d\u00e9couvertes multiples est install\u00e9 dans votre domicile avec du mat\u00e9riel adapt\u00e9 aux tout-petits.\u00a0<\/p><p>Voici comment se compose la s\u00e9ance :<\/p><p>\u00a0\u2022 P\u00f4les d\u2019explorations libres : Plusieurs espaces de jeux sont am\u00e9nag\u00e9s pour encourager la motricit\u00e9, la manipulation d\u2019objets polyvalents, et la cr\u00e9ativit\u00e9.\u00a0<\/p><p>Chaque p\u00f4le est con\u00e7u pour offrir une exp\u00e9rience d\u2019exploration libre, permettant aux enfants de s\u2019immerger dans leurs d\u00e9couvertes.<\/p><p>\u00a0\u2022 Activit\u00e9s sensorielles et ludiques : Des jeux tactiles, de construction et des mat\u00e9riaux ouverts invitent les enfants \u00e0 manipuler, toucher et cr\u00e9er en toute libert\u00e9. \u2022 Accompagnement bienveillant : Je suis pr\u00e9sente tout au long de l\u2019atelier pour accueillir chaque famille, r\u00e9pondre \u00e0 vos questions, veiller \u00e0 la s\u00e9curit\u00e9 des lieux, et partager des conseils sur les p\u00e9dagogies alternatives pour les parents curieux. Ces moments d\u2019exploration favorisent le d\u00e9veloppement naturel de l\u2019enfant, qui d\u00e9couvre ses capacit\u00e9s motrices et son autonomie tout en se sentant soutenu et accompagn\u00e9.<\/p>\t\t\t\t\t\t\t\t<\/div>\n\t\t\t\t<\/div>\n\t\t\t\t<\/div>\n\t\t\t\t\t<\/div>\n\t\t\t\t<\/div>\n\t\t\t\t<\/div>\n\t\t","protected":false},"excerpt":{"rendered":"<p>Atelier YES Space Nature Un atelier d\u2019exploration libre et sensorielle pour les tout-petits (8 mois \u00e0 4 ans) Un moment [&hellip;]<\/p>\n","protected":false},"author":1,"featured_media":0,"parent":0,"menu_order":0,"comment_status":"closed","ping_status":"closed","template":"","meta":{"site-sidebar-layout":"no-sidebar","site-content-layout":"","ast-site-content-layout":"full-width-container","site-content-style":"default","site-sidebar-style":"default","ast-global-header-display":"","ast-banner-title-visibility":"","ast-main-header-display":"","ast-hfb-above-header-display":"","ast-hfb-below-header-display":"","ast-hfb-mobile-header-display":"","site-post-title":"disabled","ast-breadcrumbs-content":"","ast-featured-img":"disabled","footer-sml-layout":"","ast-disable-related-posts":"","theme-transparent-header-meta":"default","adv-header-id-meta":"","stick-header-meta":"","header-above-stick-meta":"","header-main-stick-meta":"","header-below-stick-meta":"","astra-migrate-meta-layouts":"set","ast-page-background-enabled":"default","ast-page-background-meta":{"desktop":{"background-color":"var(--ast-global-color-4)","background-image":"","background-repeat":"repeat","background-position":"center center","background-size":"auto","background-attachment":"scroll","background-type":"","background-media":"","overlay-type":"","overlay-color":"","overlay-opacity":"","overlay-gradient":""},"tablet":{"background-color":"","background-image":"","background-repeat":"repeat","background-position":"center center","background-size":"auto","background-attachment":"scroll","background-type":"","background-media":"","overlay-type":"","overlay-color":"","overlay-opacity":"","overlay-gradient":""},"mobile":{"background-color":"","background-image":"","background-repeat":"repeat","background-position":"center center","background-size":"auto","background-attachment":"scroll","background-type":"","background-media":"","overlay-type":"","overlay-color":"","overlay-opacity":"","overlay-gradient":""}},"ast-content-background-meta":{"desktop":{"background-color":"var(--ast-global-color-5)","background-image":"","background-repeat":"repeat","background-position":"center center","background-size":"auto","background-attachment":"scroll","background-type":"","background-media":"","overlay-type":"","overlay-color":"","overlay-opacity":"","overlay-gradient":""},"tablet":{"background-color":"var(--ast-global-color-5)","background-image":"","background-repeat":"repeat","background-position":"center center","background-size":"auto","background-attachment":"scroll","background-type":"","background-media":"","overlay-type":"","overlay-color":"","overlay-opacity":"","overlay-gradient":""},"mobile":{"background-color":"var(--ast-global-color-5)","background-image":"","background-repeat":"repeat","background-position":"center center","background-size":"auto","background-attachment":"scroll","background-type":"","background-media":"","overlay-type":"","overlay-color":"","overlay-opacity":"","overlay-gradient":""}},"footnotes":""},"class_list":["post-190","page","type-page","status-publish","hentry"],"_links":{"self":[{"href":"https:\/\/maparentalite-emois.fr\/index.php\/wp-json\/wp\/v2\/pages\/190","targetHints":{"allow":["GET"]}}],"collection":[{"href":"https:\/\/maparentalite-emois.fr\/index.php\/wp-json\/wp\/v2\/pages"}],"about":[{"href":"https:\/\/maparentalite-emois.fr\/index.php\/wp-json\/wp\/v2\/types\/page"}],"author":[{"embeddable":true,"href":"https:\/\/maparentalite-emois.fr\/index.php\/wp-json\/wp\/v2\/users\/1"}],"replies":[{"embeddable":true,"href":"https:\/\/maparentalite-emois.fr\/index.php\/wp-json\/wp\/v2\/comments?post=190"}],"version-history":[{"count":24,"href":"https:\/\/maparentalite-emois.fr\/index.php\/wp-json\/wp\/v2\/pages\/190\/revisions"}],"predecessor-version":[{"id":1336,"href":"https:\/\/maparentalite-emois.fr\/index.php\/wp-json\/wp\/v2\/pages\/190\/revisions\/1336"}],"wp:attachment":[{"href":"https:\/\/maparentalite-emois.fr\/index.php\/wp-json\/wp\/v2\/media?parent=190"}],"curies":[{"name":"wp","href":"https:\/\/api.w.org\/{rel}","templated":true}]}}