{"id":1437,"date":"2025-11-25T16:28:00","date_gmt":"2025-11-25T15:28:00","guid":{"rendered":"https:\/\/maparentalite-emois.fr\/?page_id=1437"},"modified":"2025-11-25T16:31:04","modified_gmt":"2025-11-25T15:31:04","slug":"mes-propositions","status":"publish","type":"page","link":"https:\/\/maparentalite-emois.fr\/index.php\/mes-propositions\/","title":{"rendered":"Mes propositions"},"content":{"rendered":"\t\t<div data-elementor-type=\"wp-page\" data-elementor-id=\"1437\" class=\"elementor elementor-1437\">\n\t\t\t\t<div class=\"elementor-element elementor-element-10ecd5b e-flex e-con-boxed e-con e-parent\" data-id=\"10ecd5b\" data-element_type=\"container\" data-e-type=\"container\">\n\t\t\t\t\t<div class=\"e-con-inner\">\n\t\t\t\t<div class=\"elementor-element elementor-element-7a8cf0a elementor-widget elementor-widget-heading\" data-id=\"7a8cf0a\" data-element_type=\"widget\" data-e-type=\"widget\" data-widget_type=\"heading.default\">\n\t\t\t\t<div class=\"elementor-widget-container\">\n\t\t\t\t\t<h2 class=\"elementor-heading-title elementor-size-default\"><b>Mes propositions<\/b><\/h2>\t\t\t\t<\/div>\n\t\t\t\t<\/div>\n\t\t\t\t<div class=\"elementor-element elementor-element-ddaf061 elementor-widget elementor-widget-heading\" data-id=\"ddaf061\" data-element_type=\"widget\" data-e-type=\"widget\" data-widget_type=\"heading.default\">\n\t\t\t\t<div class=\"elementor-widget-container\">\n\t\t\t\t\t<h2 class=\"elementor-heading-title elementor-size-default\">Cr\u00e9er des espaces vivants pour explorer, bouger, ressentir et cr\u00e9er ensemble\n<\/h2>\t\t\t\t<\/div>\n\t\t\t\t<\/div>\n\t\t\t\t<div class=\"elementor-element elementor-element-c0dead8 elementor-widget elementor-widget-text-editor\" data-id=\"c0dead8\" data-element_type=\"widget\" data-e-type=\"widget\" data-widget_type=\"text-editor.default\">\n\t\t\t\t<div class=\"elementor-widget-container\">\n\t\t\t\t\t\t\t\t\t<p>Mes propositions s\u2019adressent :<\/p><ul><li><p>aux familles (parents &amp; enfants de 18 mois \u00e0 4 ans)<\/p><\/li><li><p>aux structures petite enfance (cr\u00e8ches, micro-cr\u00e8ches, MAM, RAM\/RELAI, LAEP, \u00e9coles maternelles\u2026)<\/p><\/li><li><p>\u00e0 toute \u00e9quipe souhaitant enrichir ses pratiques et proposer des exp\u00e9riences sensorielles, cr\u00e9atives et corporelles aux tout-petits.<\/p><\/li><\/ul><p>Je con\u00e7ois mes ateliers comme des exp\u00e9riences vivantes, o\u00f9 l\u2019enfant peut explorer librement et o\u00f9 l\u2019adulte \u2014 qu\u2019il soit parent ou professionnel \u2014 peut observer, s\u2019\u00e9merveiller, se laisser surprendre\u2026 et parfois m\u00eame redevenir joueur.<\/p><p>Mon travail s\u2019appuie sur :<\/p><ul><li><p>l\u2019observation bienveillante d\u2019Emmi Pikler<\/p><\/li><li><p>l\u2019environnement pr\u00e9par\u00e9 de Montessori<\/p><\/li><li><p>la cr\u00e9ativit\u00e9 et les \u201ccent langages de l\u2019enfant\u201d de Reggio Emilia \/ Loris Malaguzzi<\/p><\/li><li><p>les espaces d\u2019expression libre inspir\u00e9s d\u2019Arno Stern<\/p><\/li><li><p>les recherches sur le lien et les \u00e9motions (Bowlby, Ainsworth, Gueguen)<\/p><\/li><\/ul><p>Mais toujours avec ma propre sensibilit\u00e9, mon exp\u00e9rience de terrain et mon regard d\u2019\u00e9ducatrice.<\/p>\t\t\t\t\t\t\t\t<\/div>\n\t\t\t\t<\/div>\n\t\t\t\t<div class=\"elementor-element elementor-element-7d95033 elementor-widget elementor-widget-text-editor\" data-id=\"7d95033\" data-element_type=\"widget\" data-e-type=\"widget\" data-widget_type=\"text-editor.default\">\n\t\t\t\t<div class=\"elementor-widget-container\">\n\t\t\t\t\t\t\t\t\t<h1>\u00a0Yes space peinture ou nature<\/h1><p>Un espace du OUI, 100 % s\u00e9curis\u00e9, o\u00f9 l\u2019enfant peut plonger dans une exploration sans limites inutiles :<\/p><ul><li><p>peinture comestible et lavable<\/p><\/li><li><p>gestes larges, peinture au corps<\/p><\/li><li><p>textures vari\u00e9es<\/p><\/li><li><p>murs et sols prot\u00e9g\u00e9s<\/p><\/li><li><p>combinaisons pour les adultes<\/p><\/li><li><p>libert\u00e9 totale pour les enfants<\/p><\/li><\/ul><p>Le YES SPACE est un espace d\u2019expression libre, un espace o\u00f9 l\u2019on peut se salir, se d\u00e9couvrir, se laisser surprendre.<\/p><p><img decoding=\"async\" class=\"an1\" draggable=\"false\" src=\"https:\/\/fonts.gstatic.com\/s\/e\/notoemoji\/16.0\/1f449\/32.png\" alt=\"\ud83d\udc49\" data-emoji=\"\ud83d\udc49\" aria-label=\"\ud83d\udc49\" \/>\u00a0Pour les familles : un moment de partage, de rire, de lien.<\/p><p><img decoding=\"async\" class=\"an1\" draggable=\"false\" src=\"https:\/\/fonts.gstatic.com\/s\/e\/notoemoji\/16.0\/1f449\/32.png\" alt=\"\ud83d\udc49\" data-emoji=\"\ud83d\udc49\" aria-label=\"\ud83d\udc49\" \/>\u00a0Pour les structures : un atelier cl\u00e9-en-main pour enrichir vos propositions artistiques et sensorielles.<\/p>\t\t\t\t\t\t\t\t<\/div>\n\t\t\t\t<\/div>\n\t\t\t\t<div class=\"elementor-element elementor-element-88a419f elementor-widget elementor-widget-image\" data-id=\"88a419f\" data-element_type=\"widget\" data-e-type=\"widget\" data-widget_type=\"image.default\">\n\t\t\t\t<div class=\"elementor-widget-container\">\n\t\t\t\t\t\t\t\t\t\t\t\t\t\t\t<img fetchpriority=\"high\" decoding=\"async\" width=\"300\" height=\"300\" src=\"https:\/\/maparentalite-emois.fr\/wp-content\/uploads\/2025\/11\/18-300x300.jpg\" class=\"attachment-medium size-medium wp-image-1415\" alt=\"\" srcset=\"https:\/\/maparentalite-emois.fr\/wp-content\/uploads\/2025\/11\/18-300x300.jpg 300w, https:\/\/maparentalite-emois.fr\/wp-content\/uploads\/2025\/11\/18-1024x1024.jpg 1024w, https:\/\/maparentalite-emois.fr\/wp-content\/uploads\/2025\/11\/18-150x150.jpg 150w, https:\/\/maparentalite-emois.fr\/wp-content\/uploads\/2025\/11\/18-768x768.jpg 768w, https:\/\/maparentalite-emois.fr\/wp-content\/uploads\/2025\/11\/18.jpg 1080w\" sizes=\"(max-width: 300px) 100vw, 300px\" \/>\t\t\t\t\t\t\t\t\t\t\t\t\t\t\t<\/div>\n\t\t\t\t<\/div>\n\t\t\t\t<div class=\"elementor-element elementor-element-a2dea5f photo-ronde elementor-widget elementor-widget-image\" data-id=\"a2dea5f\" data-element_type=\"widget\" data-e-type=\"widget\" data-widget_type=\"image.default\">\n\t\t\t\t<div class=\"elementor-widget-container\">\n\t\t\t\t\t\t\t\t\t\t\t\t\t\t\t<img decoding=\"async\" width=\"300\" height=\"300\" src=\"https:\/\/maparentalite-emois.fr\/wp-content\/uploads\/2025\/11\/4-1-300x300.png\" class=\"attachment-medium size-medium wp-image-1395\" alt=\"\" srcset=\"https:\/\/maparentalite-emois.fr\/wp-content\/uploads\/2025\/11\/4-1-300x300.png 300w, https:\/\/maparentalite-emois.fr\/wp-content\/uploads\/2025\/11\/4-1-1024x1024.png 1024w, https:\/\/maparentalite-emois.fr\/wp-content\/uploads\/2025\/11\/4-1-150x150.png 150w, https:\/\/maparentalite-emois.fr\/wp-content\/uploads\/2025\/11\/4-1-768x768.png 768w, https:\/\/maparentalite-emois.fr\/wp-content\/uploads\/2025\/11\/4-1.png 1080w\" sizes=\"(max-width: 300px) 100vw, 300px\" \/>\t\t\t\t\t\t\t\t\t\t\t\t\t\t\t<\/div>\n\t\t\t\t<\/div>\n\t\t\t\t<div class=\"elementor-element elementor-element-cde97e1 elementor-widget elementor-widget-text-editor\" data-id=\"cde97e1\" data-element_type=\"widget\" data-e-type=\"widget\" data-widget_type=\"text-editor.default\">\n\t\t\t\t<div class=\"elementor-widget-container\">\n\t\t\t\t\t\t\t\t\t<h1>\u00c9veil corporel &amp; yoga parent-enfant<\/h1><p>\u00a0<\/p><p>(18 mois \u2013 4 ans)<\/p><p>Des ateliers o\u00f9 l\u2019on bouge, saute, roule, imite, chante, respire\u2026<\/p><p>Des moments de complicit\u00e9, de mouvement partag\u00e9, de motricit\u00e9 libre et de jeu corporel.<\/p><p>Les objectifs :<\/p><p>\u00a0<\/p><ul><li><p>soutenir la motricit\u00e9 globale<\/p><\/li><li><p>nourrir la relation adulte-enfant<\/p><\/li><li><p>explorer le corps et ses possibilit\u00e9s<\/p><\/li><li><p>d\u00e9velopper confiance, \u00e9quilibre, coordination<\/p><\/li><li><p>offrir un espace joyeux d\u2019expression corporelle<\/p><\/li><\/ul><p>\u00a0<\/p><p><img decoding=\"async\" class=\"an1\" draggable=\"false\" src=\"https:\/\/fonts.gstatic.com\/s\/e\/notoemoji\/16.0\/1f449\/32.png\" alt=\"\ud83d\udc49\" data-emoji=\"\ud83d\udc49\" aria-label=\"\ud83d\udc49\" \/>\u00a0Pour les familles : des moments doux et joyeux.<\/p><p><img decoding=\"async\" class=\"an1\" draggable=\"false\" src=\"https:\/\/fonts.gstatic.com\/s\/e\/notoemoji\/16.0\/1f449\/32.png\" alt=\"\ud83d\udc49\" data-emoji=\"\ud83d\udc49\" aria-label=\"\ud83d\udc49\" \/>\u00a0Pour les structures : un atelier pour enrichir vos projets motricit\u00e9 \/ bien-\u00eatre.<\/p>\t\t\t\t\t\t\t\t<\/div>\n\t\t\t\t<\/div>\n\t\t\t\t<div class=\"elementor-element elementor-element-fb25a0a elementor-widget elementor-widget-image\" data-id=\"fb25a0a\" data-element_type=\"widget\" data-e-type=\"widget\" data-widget_type=\"image.default\">\n\t\t\t\t<div class=\"elementor-widget-container\">\n\t\t\t\t\t\t\t\t\t\t\t\t\t\t\t<img decoding=\"async\" width=\"300\" height=\"300\" src=\"https:\/\/maparentalite-emois.fr\/wp-content\/uploads\/2025\/11\/14-1-300x300.png\" class=\"attachment-medium size-medium wp-image-1411\" alt=\"\" srcset=\"https:\/\/maparentalite-emois.fr\/wp-content\/uploads\/2025\/11\/14-1-300x300.png 300w, https:\/\/maparentalite-emois.fr\/wp-content\/uploads\/2025\/11\/14-1-1024x1024.png 1024w, https:\/\/maparentalite-emois.fr\/wp-content\/uploads\/2025\/11\/14-1-150x150.png 150w, https:\/\/maparentalite-emois.fr\/wp-content\/uploads\/2025\/11\/14-1-768x768.png 768w, https:\/\/maparentalite-emois.fr\/wp-content\/uploads\/2025\/11\/14-1.png 1080w\" sizes=\"(max-width: 300px) 100vw, 300px\" \/>\t\t\t\t\t\t\t\t\t\t\t\t\t\t\t<\/div>\n\t\t\t\t<\/div>\n\t\t\t\t<div class=\"elementor-element elementor-element-3ad577a elementor-widget elementor-widget-text-editor\" data-id=\"3ad577a\" data-element_type=\"widget\" data-e-type=\"widget\" data-widget_type=\"text-editor.default\">\n\t\t\t\t<div class=\"elementor-widget-container\">\n\t\t\t\t\t\t\t\t\t<h1>Explorations artistiques &amp; cr\u00e9atives<\/h1><p>\u00a0<\/p><p>Des ateliers inspir\u00e9s du jeu libre, de l\u2019art, et des p\u00e9dagogies actives.<\/p><p>On y invite l\u2019enfant \u00e0 :<\/p><p>\u00a0<\/p><ul><li><p>manipuler la mati\u00e8re<\/p><\/li><li><p>tester, m\u00e9langer, transvaser<\/p><\/li><li><p>explorer la couleur, la lumi\u00e8re, le geste<\/p><\/li><li><p>cr\u00e9er sans consigne<\/p><\/li><li><p>entrer dans une concentration naturelle<\/p><\/li><li><p>d\u00e9velopper son autonomie et sa cr\u00e9ativit\u00e9<\/p><\/li><\/ul><p>\u00a0<\/p><p>Le parent ou le professionnel est invit\u00e9 \u00e0 :<\/p><p>\u00a0<\/p><ul><li><p>ralentir<\/p><\/li><li><p>observer<\/p><\/li><li><p>accompagner sans diriger<\/p><\/li><li><p>laisser la trace et le geste \u00eatre libres<\/p><\/li><\/ul><p>\u00a0<\/p><p><img decoding=\"async\" class=\"an1\" draggable=\"false\" src=\"https:\/\/fonts.gstatic.com\/s\/e\/notoemoji\/16.0\/1f449\/32.png\" alt=\"\ud83d\udc49\" data-emoji=\"\ud83d\udc49\" aria-label=\"\ud83d\udc49\" \/> Des ateliers parfaits pour les structures souhaitant proposer des exp\u00e9riences artistiques renouvel\u00e9es.<\/p><p>\u00a0<\/p>\t\t\t\t\t\t\t\t<\/div>\n\t\t\t\t<\/div>\n\t\t\t\t<div class=\"elementor-element elementor-element-bae42b0 elementor-widget elementor-widget-image\" data-id=\"bae42b0\" data-element_type=\"widget\" data-e-type=\"widget\" data-widget_type=\"image.default\">\n\t\t\t\t<div class=\"elementor-widget-container\">\n\t\t\t\t\t\t\t\t\t\t\t\t\t\t\t<img loading=\"lazy\" decoding=\"async\" width=\"300\" height=\"300\" src=\"https:\/\/maparentalite-emois.fr\/wp-content\/uploads\/2025\/11\/2-300x300.jpg\" class=\"attachment-medium size-medium wp-image-1391\" alt=\"\" srcset=\"https:\/\/maparentalite-emois.fr\/wp-content\/uploads\/2025\/11\/2-300x300.jpg 300w, https:\/\/maparentalite-emois.fr\/wp-content\/uploads\/2025\/11\/2-1024x1024.jpg 1024w, https:\/\/maparentalite-emois.fr\/wp-content\/uploads\/2025\/11\/2-150x150.jpg 150w, https:\/\/maparentalite-emois.fr\/wp-content\/uploads\/2025\/11\/2-768x768.jpg 768w, https:\/\/maparentalite-emois.fr\/wp-content\/uploads\/2025\/11\/2.jpg 1080w\" sizes=\"(max-width: 300px) 100vw, 300px\" \/>\t\t\t\t\t\t\t\t\t\t\t\t\t\t\t<\/div>\n\t\t\t\t<\/div>\n\t\t\t\t<div class=\"elementor-element elementor-element-28523c8 elementor-widget elementor-widget-text-editor\" data-id=\"28523c8\" data-element_type=\"widget\" data-e-type=\"widget\" data-widget_type=\"text-editor.default\">\n\t\t\t\t<div class=\"elementor-widget-container\">\n\t\t\t\t\t\t\t\t\t<h1>Pourquoi ces propositions ?<\/h1>\n<p><\/p>\n<p>Parce que les enfants apprennent :<\/p>\n<p><\/p>\n<ul>\n<li>\n<p>par les sens<\/p>\n<\/li>\n<li>\n<p>par le corps<\/p>\n<\/li>\n<li>\n<p>par la r\u00e9p\u00e9tition et l\u2019exp\u00e9rimentation<\/p>\n<\/li>\n<li>\n<p>par l\u2019observation et l\u2019essai-erreur<\/p>\n<\/li>\n<li>\n<p>dans des espaces pens\u00e9s pour eux<\/p>\n<\/li>\n<\/ul>\n<p>Et parce que les adultes ,parents ou professionnels, ont besoin :<\/p>\n<p><\/p>\n<ul>\n<li>\n<p>de moments pour souffler<\/p>\n<\/li>\n<li>\n<p>de red\u00e9couvrir leur enfant autrement<\/p>\n<\/li>\n<li>\n<p>d\u2019observer avec un regard nouveau<\/p>\n<\/li>\n<li>\n<p>d\u2019outils concrets pour nourrir le lien<\/p>\n<\/li>\n<li>\n<p>d\u2019exp\u00e9riences inspirantes pour leurs pratiques quotidiennes<\/p>\n<\/li>\n<\/ul>\n<p>Mes propositions sont pens\u00e9es pour nourrir la curiosit\u00e9, la relation, la confiance et la joie<\/p>\t\t\t\t\t\t\t\t<\/div>\n\t\t\t\t<\/div>\n\t\t\t\t<div class=\"elementor-element elementor-element-6ed6a5d elementor-widget elementor-widget-image\" data-id=\"6ed6a5d\" data-element_type=\"widget\" data-e-type=\"widget\" data-widget_type=\"image.default\">\n\t\t\t\t<div class=\"elementor-widget-container\">\n\t\t\t\t\t\t\t\t\t\t\t\t\t\t\t<img loading=\"lazy\" decoding=\"async\" width=\"600\" height=\"400\" src=\"https:\/\/maparentalite-emois.fr\/wp-content\/uploads\/2025\/10\/Design-sans-titre-29.png\" class=\"attachment-large size-large wp-image-1355\" alt=\"\" srcset=\"https:\/\/maparentalite-emois.fr\/wp-content\/uploads\/2025\/10\/Design-sans-titre-29.png 600w, https:\/\/maparentalite-emois.fr\/wp-content\/uploads\/2025\/10\/Design-sans-titre-29-300x200.png 300w\" sizes=\"(max-width: 600px) 100vw, 600px\" \/>\t\t\t\t\t\t\t\t\t\t\t\t\t\t\t<\/div>\n\t\t\t\t<\/div>\n\t\t\t\t<div class=\"elementor-element elementor-element-a9c6b0f elementor-widget elementor-widget-text-editor\" data-id=\"a9c6b0f\" data-element_type=\"widget\" data-e-type=\"widget\" data-widget_type=\"text-editor.default\">\n\t\t\t\t<div class=\"elementor-widget-container\">\n\t\t\t\t\t\t\t\t\t<h1>Pour qui ?<\/h1><p>\u00a0<\/p><p>Pour toutes les familles :<\/p><p>\u00a0<\/p><ul><li><p>homoparentales, monoparentales, recompos\u00e9es, adoptives<\/p><\/li><li><p>parents novices ou exp\u00e9riment\u00e9s<\/p><\/li><li><p>enfants timides, tr\u00e8s expressifs, prudents, \u00e9nerg\u00e9tiques\u2026<\/p><\/li><li><p>tous les enfants de 18 mois \u00e0 4 ans, chacun \u00e0 son rythme<\/p><\/li><\/ul><p>\u00a0<\/p><p>Et aussi pour les \u00e9quipes petite enfance :<\/p><p>\u00a0<\/p><ul><li><p>cr\u00e8ches<\/p><\/li><li><p>micro-cr\u00e8ches<\/p><\/li><li><p>MAM<\/p><\/li><li><p>\u00e9coles maternelles<\/p><\/li><li><p>LAEP<\/p><\/li><li><p>Relais Petite Enfance<\/p><\/li><li><p>associations &amp; institutions<\/p><\/li><\/ul><p>\u00a0<\/p><p>Je m\u2019adapte \u00e0 vos projets, vos besoins, vos contraintes et vos publics.<\/p>\t\t\t\t\t\t\t\t<\/div>\n\t\t\t\t<\/div>\n\t\t\t\t<div class=\"elementor-element elementor-element-9c3efcf elementor-widget elementor-widget-text-editor\" data-id=\"9c3efcf\" data-element_type=\"widget\" data-e-type=\"widget\" data-widget_type=\"text-editor.default\">\n\t\t\t\t<div class=\"elementor-widget-container\">\n\t\t\t\t\t\t\t\t\t<div><div><h1>Mon intention<\/h1><p>\u00a0<\/p><p>Cr\u00e9er des espaces o\u00f9 :<\/p><p><img decoding=\"async\" class=\"an1\" draggable=\"false\" src=\"https:\/\/fonts.gstatic.com\/s\/e\/notoemoji\/16.0\/2714\/32.png\" alt=\"\u2714\" data-emoji=\"\u2714\" aria-label=\"\u2714\" \/>\u00a0l\u2019enfant est pleinement acteur<\/p><p><img decoding=\"async\" class=\"an1\" draggable=\"false\" src=\"https:\/\/fonts.gstatic.com\/s\/e\/notoemoji\/16.0\/2714\/32.png\" alt=\"\u2714\" data-emoji=\"\u2714\" aria-label=\"\u2714\" \/>\u00a0le parent ou le professionnel d\u00e9couvre autrement<\/p><p><img decoding=\"async\" class=\"an1\" draggable=\"false\" src=\"https:\/\/fonts.gstatic.com\/s\/e\/notoemoji\/16.0\/2714\/32.png\" alt=\"\u2714\" data-emoji=\"\u2714\" aria-label=\"\u2714\" \/>\u00a0le corps, les sens et la cr\u00e9ativit\u00e9 ouvrent le chemin<\/p><p><img decoding=\"async\" class=\"an1\" draggable=\"false\" src=\"https:\/\/fonts.gstatic.com\/s\/e\/notoemoji\/16.0\/2714\/32.png\" alt=\"\u2714\" data-emoji=\"\u2714\" aria-label=\"\u2714\" \/>\u00a0le lien se tisse naturellement<\/p><p><img decoding=\"async\" class=\"an1\" draggable=\"false\" src=\"https:\/\/fonts.gstatic.com\/s\/e\/notoemoji\/16.0\/2714\/32.png\" alt=\"\u2714\" data-emoji=\"\u2714\" aria-label=\"\u2714\" \/>\u00a0chacun trouve sa place<\/p><p><img decoding=\"async\" class=\"an1\" draggable=\"false\" src=\"https:\/\/fonts.gstatic.com\/s\/e\/notoemoji\/16.0\/2714\/32.png\" alt=\"\u2714\" data-emoji=\"\u2714\" aria-label=\"\u2714\" \/>\u00a0le quotidien se met en pause<\/p><p><img decoding=\"async\" class=\"an1\" draggable=\"false\" src=\"https:\/\/fonts.gstatic.com\/s\/e\/notoemoji\/16.0\/2714\/32.png\" alt=\"\u2714\" data-emoji=\"\u2714\" aria-label=\"\u2714\" \/>\u00a0la joie, l\u2019exploration et la libert\u00e9 sont au centre<\/p><p>Des espaces o\u00f9 l\u2019on peut \u00eatre ensemble, autrement.<\/p><\/div><\/div><div><div class=\"gmail_signature\" dir=\"ltr\" data-smartmail=\"gmail_signature\"><div dir=\"ltr\">\u00a0<\/div><\/div><\/div>\t\t\t\t\t\t\t\t<\/div>\n\t\t\t\t<\/div>\n\t\t\t\t<div class=\"elementor-element elementor-element-75b6aee elementor-widget elementor-widget-image\" data-id=\"75b6aee\" data-element_type=\"widget\" data-e-type=\"widget\" data-widget_type=\"image.default\">\n\t\t\t\t<div class=\"elementor-widget-container\">\n\t\t\t\t\t\t\t\t\t\t\t\t\t\t\t<img loading=\"lazy\" decoding=\"async\" width=\"1024\" height=\"1024\" src=\"https:\/\/maparentalite-emois.fr\/wp-content\/uploads\/2025\/11\/yes-space-nature-1024x1024.jpg\" class=\"attachment-large size-large wp-image-1438\" alt=\"\" srcset=\"https:\/\/maparentalite-emois.fr\/wp-content\/uploads\/2025\/11\/yes-space-nature-1024x1024.jpg 1024w, https:\/\/maparentalite-emois.fr\/wp-content\/uploads\/2025\/11\/yes-space-nature-300x300.jpg 300w, https:\/\/maparentalite-emois.fr\/wp-content\/uploads\/2025\/11\/yes-space-nature-150x150.jpg 150w, https:\/\/maparentalite-emois.fr\/wp-content\/uploads\/2025\/11\/yes-space-nature-768x768.jpg 768w, https:\/\/maparentalite-emois.fr\/wp-content\/uploads\/2025\/11\/yes-space-nature.jpg 1080w\" sizes=\"(max-width: 1024px) 100vw, 1024px\" \/>\t\t\t\t\t\t\t\t\t\t\t\t\t\t\t<\/div>\n\t\t\t\t<\/div>\n\t\t\t\t\t<\/div>\n\t\t\t\t<\/div>\n\t\t\t\t<\/div>\n\t\t","protected":false},"excerpt":{"rendered":"<p>Mes propositions Cr\u00e9er des espaces vivants pour explorer, bouger, ressentir et cr\u00e9er ensemble Mes propositions s\u2019adressent : aux familles (parents [&hellip;]<\/p>\n","protected":false},"author":1,"featured_media":0,"parent":0,"menu_order":0,"comment_status":"closed","ping_status":"closed","template":"","meta":{"site-sidebar-layout":"no-sidebar","site-content-layout":"","ast-site-content-layout":"full-width-container","site-content-style":"default","site-sidebar-style":"default","ast-global-header-display":"","ast-banner-title-visibility":"","ast-main-header-display":"","ast-hfb-above-header-display":"","ast-hfb-below-header-display":"","ast-hfb-mobile-header-display":"","site-post-title":"","ast-breadcrumbs-content":"","ast-featured-img":"disabled","footer-sml-layout":"","ast-disable-related-posts":"","theme-transparent-header-meta":"","adv-header-id-meta":"","stick-header-meta":"","header-above-stick-meta":"","header-main-stick-meta":"","header-below-stick-meta":"","astra-migrate-meta-layouts":"default","ast-page-background-enabled":"default","ast-page-background-meta":{"desktop":{"background-color":"var(--ast-global-color-4)","background-image":"","background-repeat":"repeat","background-position":"center center","background-size":"auto","background-attachment":"scroll","background-type":"","background-media":"","overlay-type":"","overlay-color":"","overlay-opacity":"","overlay-gradient":""},"tablet":{"background-color":"","background-image":"","background-repeat":"repeat","background-position":"center center","background-size":"auto","background-attachment":"scroll","background-type":"","background-media":"","overlay-type":"","overlay-color":"","overlay-opacity":"","overlay-gradient":""},"mobile":{"background-color":"","background-image":"","background-repeat":"repeat","background-position":"center center","background-size":"auto","background-attachment":"scroll","background-type":"","background-media":"","overlay-type":"","overlay-color":"","overlay-opacity":"","overlay-gradient":""}},"ast-content-background-meta":{"desktop":{"background-color":"var(--ast-global-color-5)","background-image":"","background-repeat":"repeat","background-position":"center center","background-size":"auto","background-attachment":"scroll","background-type":"","background-media":"","overlay-type":"","overlay-color":"","overlay-opacity":"","overlay-gradient":""},"tablet":{"background-color":"var(--ast-global-color-5)","background-image":"","background-repeat":"repeat","background-position":"center center","background-size":"auto","background-attachment":"scroll","background-type":"","background-media":"","overlay-type":"","overlay-color":"","overlay-opacity":"","overlay-gradient":""},"mobile":{"background-color":"var(--ast-global-color-5)","background-image":"","background-repeat":"repeat","background-position":"center center","background-size":"auto","background-attachment":"scroll","background-type":"","background-media":"","overlay-type":"","overlay-color":"","overlay-opacity":"","overlay-gradient":""}},"footnotes":""},"class_list":["post-1437","page","type-page","status-publish","hentry"],"_links":{"self":[{"href":"https:\/\/maparentalite-emois.fr\/index.php\/wp-json\/wp\/v2\/pages\/1437","targetHints":{"allow":["GET"]}}],"collection":[{"href":"https:\/\/maparentalite-emois.fr\/index.php\/wp-json\/wp\/v2\/pages"}],"about":[{"href":"https:\/\/maparentalite-emois.fr\/index.php\/wp-json\/wp\/v2\/types\/page"}],"author":[{"embeddable":true,"href":"https:\/\/maparentalite-emois.fr\/index.php\/wp-json\/wp\/v2\/users\/1"}],"replies":[{"embeddable":true,"href":"https:\/\/maparentalite-emois.fr\/index.php\/wp-json\/wp\/v2\/comments?post=1437"}],"version-history":[{"count":3,"href":"https:\/\/maparentalite-emois.fr\/index.php\/wp-json\/wp\/v2\/pages\/1437\/revisions"}],"predecessor-version":[{"id":1441,"href":"https:\/\/maparentalite-emois.fr\/index.php\/wp-json\/wp\/v2\/pages\/1437\/revisions\/1441"}],"wp:attachment":[{"href":"https:\/\/maparentalite-emois.fr\/index.php\/wp-json\/wp\/v2\/media?parent=1437"}],"curies":[{"name":"wp","href":"https:\/\/api.w.org\/{rel}","templated":true}]}}