{"id":120,"date":"2024-10-20T19:24:35","date_gmt":"2024-10-20T19:24:35","guid":{"rendered":"https:\/\/maparentalite-emois.fr\/?page_id=120"},"modified":"2025-11-25T15:47:00","modified_gmt":"2025-11-25T14:47:00","slug":"quelle-est-mon-approche","status":"publish","type":"page","link":"https:\/\/maparentalite-emois.fr\/index.php\/qui-suis-je\/quelle-est-mon-approche\/","title":{"rendered":"Quelle est mon approche?"},"content":{"rendered":"\t\t<div data-elementor-type=\"wp-page\" data-elementor-id=\"120\" class=\"elementor elementor-120\">\n\t\t\t\t<div class=\"elementor-element elementor-element-baecdbb e-flex e-con-boxed e-con e-parent\" data-id=\"baecdbb\" data-element_type=\"container\" data-e-type=\"container\">\n\t\t\t\t\t<div class=\"e-con-inner\">\n\t\t\t\t<div class=\"elementor-element elementor-element-5d94ae9 elementor-widget elementor-widget-heading\" data-id=\"5d94ae9\" data-element_type=\"widget\" data-e-type=\"widget\" data-widget_type=\"heading.default\">\n\t\t\t\t<div class=\"elementor-widget-container\">\n\t\t\t\t\t<h2 class=\"elementor-heading-title elementor-size-default\"><b>Mon approche ?<\/b><\/h2>\t\t\t\t<\/div>\n\t\t\t\t<\/div>\n\t\t\t\t<div class=\"elementor-element elementor-element-17248b7 elementor-widget elementor-widget-image\" data-id=\"17248b7\" data-element_type=\"widget\" data-e-type=\"widget\" data-widget_type=\"image.default\">\n\t\t\t\t<div class=\"elementor-widget-container\">\n\t\t\t\t\t\t\t\t\t\t\t\t\t\t\t<img decoding=\"async\" src=\"https:\/\/maparentalite-emois.fr\/wp-content\/uploads\/2024\/10\/Design-sans-titre-17.png\" title=\"\" alt=\"\" loading=\"lazy\" \/>\t\t\t\t\t\t\t\t\t\t\t\t\t\t\t<\/div>\n\t\t\t\t<\/div>\n\t\t\t\t<div class=\"elementor-element elementor-element-2db9ade elementor-widget elementor-widget-text-editor\" data-id=\"2db9ade\" data-element_type=\"widget\" data-e-type=\"widget\" data-widget_type=\"text-editor.default\">\n\t\t\t\t<div class=\"elementor-widget-container\">\n\t\t\t\t\t\t\t\t\t<p>Mon approche est nourrie par plus de 15 ann\u00e9es d\u2019exp\u00e9rience dans la petite enfance, par l\u2019observation du jeune enfant en mouvement, et par de nombreuses inspirations p\u00e9dagogiques qui ont travers\u00e9 mon parcours.<\/p><p>Je m\u2019inspire notamment du travail d\u2019Emmi Pikler, qui a profond\u00e9ment influenc\u00e9 ma vision du mouvement libre, de la motricit\u00e9 spontan\u00e9e et de l\u2019importance d\u2019un espace s\u00e9curis\u00e9 permettant \u00e0 l\u2019enfant d\u2019explorer \u00e0 son rythme sous le regard s\u00e9curisant de l&rsquo;adulte.<\/p><p>L\u2019approche de Maria Montessori nourrit \u00e9galement ma r\u00e9flexion sur l\u2019environnement pr\u00e9par\u00e9 : un espace pens\u00e9, accessible, ajust\u00e9 au d\u00e9veloppement de l\u2019enfant pour qu\u2019il puisse agir, exp\u00e9rimenter et devenir acteur de ses d\u00e9couvertes.<\/p><p>J\u2019int\u00e8gre aussi les principes de la p\u00e9dagogie Reggio Emilia, initi\u00e9e par Loris Malaguzzi, qui valorise la cr\u00e9ativit\u00e9, la sensorialit\u00e9, les arts et ce qu\u2019il appelle les \u201ccent langages de l\u2019enfant\u201d. Cette vision accorde une place essentielle \u00e0 l\u2019atelier, \u00e0 la mati\u00e8re, \u00e0 la lumi\u00e8re, aux couleurs, et au r\u00f4le de l\u2019environnement comme \u00ab troisi\u00e8me \u00e9ducateur \u00bb.<\/p><p>Mon travail autour des espaces d\u2019expression libre, notamment les ateliers YES SPACE peinture, est \u00e9galement inspir\u00e9 par les recherches d\u2019Arno Stern, cr\u00e9ateur du Closlieu, qui rappelle combien l\u2019enfant a besoin d\u2019un espace prot\u00e9g\u00e9 pour exprimer son geste cr\u00e9atif sans pression ni jugement.<\/p><p>Les travaux de John Bowlby et Mary Ainsworth sur l\u2019attachement, ainsi que les apports des neurosciences affectives port\u00e9s par Catherine Gueguen, enrichissent ma compr\u00e9hension du lien parent-enfant, de la s\u00e9curit\u00e9 affective et du r\u00f4le fondamental de la relation dans les premi\u00e8res ann\u00e9es.<\/p><p>Mais surtout, mon approche s\u2019inspire\u2026 des enfants eux-m\u00eames.\u00a0<span style=\"font-style: inherit; font-weight: inherit;\">De leur curiosit\u00e9 naturelle, de leurs \u00e9lans, de leur besoin visc\u00e9ral de toucher, sentir, cr\u00e9er, bouger, essayer, recommencer. Et de leur mani\u00e8re si unique d\u2019inviter l\u2019adulte \u00e0 entrer dans leur monde, si on leur en laisse la possibilit\u00e9.<\/span><\/p>\t\t\t\t\t\t\t\t<\/div>\n\t\t\t\t<\/div>\n\t\t\t\t<div class=\"elementor-element elementor-element-7fe39e6 elementor-widget elementor-widget-heading\" data-id=\"7fe39e6\" data-element_type=\"widget\" data-e-type=\"widget\" data-widget_type=\"heading.default\">\n\t\t\t\t<div class=\"elementor-widget-container\">\n\t\t\t\t\t<h2 class=\"elementor-heading-title elementor-size-default\">Une approche corporelle, sensorielle et exp\u00e9rientielle\n<\/h2>\t\t\t\t<\/div>\n\t\t\t\t<\/div>\n\t\t\t\t<div class=\"elementor-element elementor-element-1292f86 elementor-widget elementor-widget-text-editor\" data-id=\"1292f86\" data-element_type=\"widget\" data-e-type=\"widget\" data-widget_type=\"text-editor.default\">\n\t\t\t\t<div class=\"elementor-widget-container\">\n\t\t\t\t\t\t\t\t\t<p>Je suis convaincue que les jeunes enfants apprennent avant tout par le corps, par les sens, par l\u2019exploration, et par la relation.<\/p>\n<p>Mes propositions reposent&nbsp; &nbsp;:<\/p>\n<p>1.la sensorialit\u00e9<\/p>\n<p><\/p>\n<p>Explorer la mati\u00e8re, toucher, transvaser, m\u00e9langer, patouiller\u2026<\/p>\n<p>J\u2019offre des espaces o\u00f9 les sens peuvent s\u2019exprimer en s\u00e9curit\u00e9, sans injonction, sans attente de r\u00e9sultat.<\/p>\n<p><br><\/p><p>2. Le mouvement ou motricit\u00e9 libre<\/p>\n<p><\/p>\n<p>Sauter, rouler, grimper, imiter, se stabiliser, respirer\u2026<\/p>\n<p>Le mouvement libre soutient la confiance, la coordination, la conscience du corps et la joie de d\u00e9couvrir.<\/p>\n<p><br><\/p><p>3. Le cr\u00e9ativit\u00e9<\/p>\n<p><\/p>\n<p>Cr\u00e9er, pour un enfant, ce n\u2019est pas produire \u201cdu beau\u201d, c\u2019est exp\u00e9rimenter.<\/p>\n<p>Transformer la mati\u00e8re, se transformer soi-m\u00eame, entrer dans le flow du geste, exprimer sa sensibilit\u00e9.<\/p>\n<p>Les ateliers que je propose sont pens\u00e9s pour offrir cette libert\u00e9 d\u2019exploration, inspir\u00e9e des p\u00e9dagogies actives mais adapt\u00e9e \u00e0 ma sensibilit\u00e9 et \u00e0 ma mani\u00e8re d\u2019accompagner.<\/p>\t\t\t\t\t\t\t\t<\/div>\n\t\t\t\t<\/div>\n\t\t\t\t<div class=\"elementor-element elementor-element-fc45e86 elementor-widget elementor-widget-heading\" data-id=\"fc45e86\" data-element_type=\"widget\" data-e-type=\"widget\" data-widget_type=\"heading.default\">\n\t\t\t\t<div class=\"elementor-widget-container\">\n\t\t\t\t\t<h2 class=\"elementor-heading-title elementor-size-default\">Une place centrale : le lien parent-enfant<\/h2>\t\t\t\t<\/div>\n\t\t\t\t<\/div>\n\t\t\t\t<div class=\"elementor-element elementor-element-4aea887 elementor-widget elementor-widget-text-editor\" data-id=\"4aea887\" data-element_type=\"widget\" data-e-type=\"widget\" data-widget_type=\"text-editor.default\">\n\t\t\t\t<div class=\"elementor-widget-container\">\n\t\t\t\t\t\t\t\t\t<p>Dans mes espaces, le parent n\u2019est ni simple observateur ni animateur.<\/p><p>Il est partenaire d\u2019exploration.<\/p><p>Je l\u2019invite \u00e0 ralentir, \u00e0 observer, \u00e0 accompagner sans diriger, \u00e0 se laisser surprendre par les comp\u00e9tences naturelles de son enfant.<\/p><p>Le lien se tisse dans l\u2019exp\u00e9rience partag\u00e9e : un regard, un geste, une d\u00e9couverte commune, un instant qui sort du quotidien.<\/p><p>.<\/p>\t\t\t\t\t\t\t\t<\/div>\n\t\t\t\t<\/div>\n\t\t\t\t<div class=\"elementor-element elementor-element-e1defcd elementor-widget elementor-widget-text-editor\" data-id=\"e1defcd\" data-element_type=\"widget\" data-e-type=\"widget\" data-widget_type=\"text-editor.default\">\n\t\t\t\t<div class=\"elementor-widget-container\">\n\t\t\t\t\t\t\t\t\t<h2>Une posture : pr\u00e9sence, bienveillance et non-directivit\u00e9<\/h2><ul><li><p>accompagner sans imposer,<\/p><\/li><li><p>observer avant d\u2019intervenir,<\/p><\/li><li><p>faire confiance au rythme de l\u2019enfant,<\/p><\/li><li><p>accueillir les \u00e9motions avec douceur,<\/p><\/li><li><p>valoriser les comp\u00e9tences parentales,<\/p><\/li><li><p>laisser la cr\u00e9ativit\u00e9 s\u2019exprimer librement,<\/p><\/li><li><p>ne pas chercher la performance mais le plaisir.<\/p><\/li><\/ul><p>Je ne transmets pas une \u201cm\u00e9thode\u201d.<\/p><p>Je cr\u00e9e des espaces o\u00f9 chacun, parent comme enfant, peut trouver sa propre voie.<\/p>\t\t\t\t\t\t\t\t<\/div>\n\t\t\t\t<\/div>\n\t\t\t\t<div class=\"elementor-element elementor-element-87fcd26 elementor-widget elementor-widget-text-editor\" data-id=\"87fcd26\" data-element_type=\"widget\" data-e-type=\"widget\" data-widget_type=\"text-editor.default\">\n\t\t\t\t<div class=\"elementor-widget-container\">\n\t\t\t\t\t\t\t\t\t<h1>Concr\u00e8tement, mon approche se traduit par\u2026<\/h1><p>\u00a0<\/p><p>\u00a0<\/p><ul><li><p>des ateliers YES SPACE sensoriels et immersifs<\/p><\/li><li><p>des espaces de peinture libre et d\u2019exploration color\u00e9e<\/p><\/li><li><p>des ateliers d\u2019\u00e9veil corporel &amp; yoga parent-enfant<\/p><\/li><li><p>des propositions artistiques inspir\u00e9es du jeu libre<\/p><\/li><li><p>des temps de cr\u00e9ation, de mouvement et d\u2019exp\u00e9rimentation<\/p><\/li><li><p>des moments pour se reconnecter, s\u2019\u00e9merveiller, \u00eatre ensemble<\/p><\/li><\/ul><p>\u00a0<\/p><p>Toutes mes propositions ont un objectif commun :<\/p><p>offrir des exp\u00e9riences o\u00f9 le corps, les sens et la cr\u00e9ativit\u00e9 nourrissent le lien parent-enfant.<\/p>\t\t\t\t\t\t\t\t<\/div>\n\t\t\t\t<\/div>\n\t\t\t\t<div class=\"elementor-element elementor-element-f368fcc elementor-widget elementor-widget-text-editor\" data-id=\"f368fcc\" data-element_type=\"widget\" data-e-type=\"widget\" data-widget_type=\"text-editor.default\">\n\t\t\t\t<div class=\"elementor-widget-container\">\n\t\t\t\t\t\t\t\t\t<h1>Pour qui ?<\/h1>\n<p><\/p>\n<p>Mon approche s\u2019adresse \u00e0 toutes les familles :<\/p>\n<p>parents d\u00e9butants, curieux, sensibles, fatigu\u00e9s, joyeux, h\u00e9sitants, exp\u00e9riment\u00e9s\u2026<\/p>\n<p>familles homoparentales, monoparentales, recompos\u00e9es ou adoptives.<\/p>\n<p>Et \u00e0 tous les enfants de 8 mois \u00e0 4 ans, chacun dans son rythme et sa personnalit\u00e9.<\/p>\t\t\t\t\t\t\t\t<\/div>\n\t\t\t\t<\/div>\n\t\t\t\t<div class=\"elementor-element elementor-element-90895db elementor-widget elementor-widget-text-editor\" data-id=\"90895db\" data-element_type=\"widget\" data-e-type=\"widget\" data-widget_type=\"text-editor.default\">\n\t\t\t\t<div class=\"elementor-widget-container\">\n\t\t\t\t\t\t\t\t\t<div><div><h1>Ma mission<\/h1><p>\u00a0<\/p><p>Cr\u00e9er des espaces vivants, s\u00e9curis\u00e9s et inspirants o\u00f9 :<\/p><p><img decoding=\"async\" class=\"an1\" draggable=\"false\" src=\"https:\/\/fonts.gstatic.com\/s\/e\/notoemoji\/16.0\/2728\/32.png\" alt=\"\u2728\" data-emoji=\"\u2728\" aria-label=\"\u2728\" \/> l\u2019enfant r\u00e9v\u00e8le ses comp\u00e9tences,<\/p><p><img decoding=\"async\" class=\"an1\" draggable=\"false\" src=\"https:\/\/fonts.gstatic.com\/s\/e\/notoemoji\/16.0\/2728\/32.png\" alt=\"\u2728\" data-emoji=\"\u2728\" aria-label=\"\u2728\" \/> le parent respire et se reconnecte,<\/p><p><img decoding=\"async\" class=\"an1\" draggable=\"false\" src=\"https:\/\/fonts.gstatic.com\/s\/e\/notoemoji\/16.0\/2728\/32.png\" alt=\"\u2728\" data-emoji=\"\u2728\" aria-label=\"\u2728\" \/> la relation se tisse autrement,<\/p><p><img decoding=\"async\" class=\"an1\" draggable=\"false\" src=\"https:\/\/fonts.gstatic.com\/s\/e\/notoemoji\/16.0\/2728\/32.png\" alt=\"\u2728\" data-emoji=\"\u2728\" aria-label=\"\u2728\" \/> la cr\u00e9ativit\u00e9 et la sensorialit\u00e9 deviennent un langage commun.<\/p><p>Des espaces o\u00f9 l\u2019on peut simplement : \u00eatre ensemble, autrement.<\/p><\/div><\/div><div><div class=\"gmail_signature\" dir=\"ltr\" data-smartmail=\"gmail_signature\"><div dir=\"ltr\">\u00a0<\/div><\/div><\/div>\t\t\t\t\t\t\t\t<\/div>\n\t\t\t\t<\/div>\n\t\t\t\t\t<\/div>\n\t\t\t\t<\/div>\n\t\t\t\t<\/div>\n\t\t","protected":false},"excerpt":{"rendered":"<p>Mon approche ? Mon approche est nourrie par plus de 15 ann\u00e9es d\u2019exp\u00e9rience dans la petite enfance, par l\u2019observation du [&hellip;]<\/p>\n","protected":false},"author":1,"featured_media":0,"parent":58,"menu_order":2,"comment_status":"closed","ping_status":"closed","template":"","meta":{"site-sidebar-layout":"default","site-content-layout":"","ast-site-content-layout":"default","site-content-style":"default","site-sidebar-style":"default","ast-global-header-display":"","ast-banner-title-visibility":"","ast-main-header-display":"","ast-hfb-above-header-display":"","ast-hfb-below-header-display":"","ast-hfb-mobile-header-display":"","site-post-title":"","ast-breadcrumbs-content":"","ast-featured-img":"","footer-sml-layout":"","ast-disable-related-posts":"","theme-transparent-header-meta":"default","adv-header-id-meta":"","stick-header-meta":"","header-above-stick-meta":"","header-main-stick-meta":"","header-below-stick-meta":"","astra-migrate-meta-layouts":"set","ast-page-background-enabled":"default","ast-page-background-meta":{"desktop":{"background-color":"var(--ast-global-color-4)","background-image":"","background-repeat":"repeat","background-position":"center center","background-size":"auto","background-attachment":"scroll","background-type":"","background-media":"","overlay-type":"","overlay-color":"","overlay-opacity":"","overlay-gradient":""},"tablet":{"background-color":"","background-image":"","background-repeat":"repeat","background-position":"center center","background-size":"auto","background-attachment":"scroll","background-type":"","background-media":"","overlay-type":"","overlay-color":"","overlay-opacity":"","overlay-gradient":""},"mobile":{"background-color":"","background-image":"","background-repeat":"repeat","background-position":"center center","background-size":"auto","background-attachment":"scroll","background-type":"","background-media":"","overlay-type":"","overlay-color":"","overlay-opacity":"","overlay-gradient":""}},"ast-content-background-meta":{"desktop":{"background-color":"var(--ast-global-color-5)","background-image":"","background-repeat":"repeat","background-position":"center center","background-size":"auto","background-attachment":"scroll","background-type":"","background-media":"","overlay-type":"","overlay-color":"","overlay-opacity":"","overlay-gradient":""},"tablet":{"background-color":"var(--ast-global-color-5)","background-image":"","background-repeat":"repeat","background-position":"center center","background-size":"auto","background-attachment":"scroll","background-type":"","background-media":"","overlay-type":"","overlay-color":"","overlay-opacity":"","overlay-gradient":""},"mobile":{"background-color":"var(--ast-global-color-5)","background-image":"","background-repeat":"repeat","background-position":"center center","background-size":"auto","background-attachment":"scroll","background-type":"","background-media":"","overlay-type":"","overlay-color":"","overlay-opacity":"","overlay-gradient":""}},"footnotes":""},"class_list":["post-120","page","type-page","status-publish","hentry"],"_links":{"self":[{"href":"https:\/\/maparentalite-emois.fr\/index.php\/wp-json\/wp\/v2\/pages\/120","targetHints":{"allow":["GET"]}}],"collection":[{"href":"https:\/\/maparentalite-emois.fr\/index.php\/wp-json\/wp\/v2\/pages"}],"about":[{"href":"https:\/\/maparentalite-emois.fr\/index.php\/wp-json\/wp\/v2\/types\/page"}],"author":[{"embeddable":true,"href":"https:\/\/maparentalite-emois.fr\/index.php\/wp-json\/wp\/v2\/users\/1"}],"replies":[{"embeddable":true,"href":"https:\/\/maparentalite-emois.fr\/index.php\/wp-json\/wp\/v2\/comments?post=120"}],"version-history":[{"count":10,"href":"https:\/\/maparentalite-emois.fr\/index.php\/wp-json\/wp\/v2\/pages\/120\/revisions"}],"predecessor-version":[{"id":1436,"href":"https:\/\/maparentalite-emois.fr\/index.php\/wp-json\/wp\/v2\/pages\/120\/revisions\/1436"}],"up":[{"embeddable":true,"href":"https:\/\/maparentalite-emois.fr\/index.php\/wp-json\/wp\/v2\/pages\/58"}],"wp:attachment":[{"href":"https:\/\/maparentalite-emois.fr\/index.php\/wp-json\/wp\/v2\/media?parent=120"}],"curies":[{"name":"wp","href":"https:\/\/api.w.org\/{rel}","templated":true}]}}