{"id":110,"date":"2024-10-20T19:13:37","date_gmt":"2024-10-20T19:13:37","guid":{"rendered":"https:\/\/maparentalite-emois.fr\/?page_id=110"},"modified":"2025-11-25T14:59:52","modified_gmt":"2025-11-25T13:59:52","slug":"accueil","status":"publish","type":"page","link":"https:\/\/maparentalite-emois.fr\/","title":{"rendered":"Accueil"},"content":{"rendered":"\t\t<div data-elementor-type=\"wp-page\" data-elementor-id=\"110\" class=\"elementor elementor-110\">\n\t\t\t\t<div class=\"elementor-element elementor-element-e35327e e-flex e-con-boxed e-con e-parent\" data-id=\"e35327e\" data-element_type=\"container\" data-e-type=\"container\">\n\t\t\t\t\t<div class=\"e-con-inner\">\n\t\t\t\t<div class=\"elementor-element elementor-element-5832626 image-ronde elementor-widget__width-inherit elementor-widget elementor-widget-image\" data-id=\"5832626\" data-element_type=\"widget\" data-e-type=\"widget\" data-widget_type=\"image.default\">\n\t\t\t\t<div class=\"elementor-widget-container\">\n\t\t\t\t\t\t\t\t\t\t\t\t\t\t\t<img fetchpriority=\"high\" decoding=\"async\" width=\"1080\" height=\"1080\" src=\"https:\/\/maparentalite-emois.fr\/wp-content\/uploads\/2025\/05\/60-1.png\" class=\"attachment-full size-full wp-image-1237\" alt=\"\" srcset=\"https:\/\/maparentalite-emois.fr\/wp-content\/uploads\/2025\/05\/60-1.png 1080w, https:\/\/maparentalite-emois.fr\/wp-content\/uploads\/2025\/05\/60-1-300x300.png 300w, https:\/\/maparentalite-emois.fr\/wp-content\/uploads\/2025\/05\/60-1-1024x1024.png 1024w, https:\/\/maparentalite-emois.fr\/wp-content\/uploads\/2025\/05\/60-1-150x150.png 150w, https:\/\/maparentalite-emois.fr\/wp-content\/uploads\/2025\/05\/60-1-768x768.png 768w\" sizes=\"(max-width: 1080px) 100vw, 1080px\" \/>\t\t\t\t\t\t\t\t\t\t\t\t\t\t\t<\/div>\n\t\t\t\t<\/div>\n\t\t\t\t<div class=\"elementor-element elementor-element-3d26d39 elementor-widget elementor-widget-button\" data-id=\"3d26d39\" data-element_type=\"widget\" data-e-type=\"widget\" data-widget_type=\"button.default\">\n\t\t\t\t<div class=\"elementor-widget-container\">\n\t\t\t\t\t\t\t\t\t<div class=\"elementor-button-wrapper\">\n\t\t\t\t\t<a class=\"elementor-button elementor-button-link elementor-size-sm\" href=\"https:\/\/maparentalite-emois.fr\/index.php\/decouvrez-et-reservez-tous-vos-ateliers-ici\/\">\n\t\t\t\t\t\t<span class=\"elementor-button-content-wrapper\">\n\t\t\t\t\t\t\t\t\t<span class=\"elementor-button-text\">Plannings et inscriptions ateliers collectifs<\/span>\n\t\t\t\t\t<\/span>\n\t\t\t\t\t<\/a>\n\t\t\t\t<\/div>\n\t\t\t\t\t\t\t\t<\/div>\n\t\t\t\t<\/div>\n\t\t\t\t<div class=\"elementor-element elementor-element-c9f4066 elementor-widget elementor-widget-heading\" data-id=\"c9f4066\" data-element_type=\"widget\" data-e-type=\"widget\" data-widget_type=\"heading.default\">\n\t\t\t\t<div class=\"elementor-widget-container\">\n\t\t\t\t\t<h2 class=\"elementor-heading-title elementor-size-default\"><b>Bienvenue dans l'univers de <\/b><b>Ma parentalit\u00e9 \u00e9mois.\n\n<\/b><i><\/i><\/h2>\t\t\t\t<\/div>\n\t\t\t\t<\/div>\n\t\t\t\t<div class=\"elementor-element elementor-element-ad9e040 elementor-widget elementor-widget-heading\" data-id=\"ad9e040\" data-element_type=\"widget\" data-e-type=\"widget\" data-widget_type=\"heading.default\">\n\t\t\t\t<div class=\"elementor-widget-container\">\n\t\t\t\t\t<h2 class=\"elementor-heading-title elementor-size-default\">Des espaces d\u2019exploration, de mouvement et de cr\u00e9ativit\u00e9 pour les tout-petits et leurs parents.\n\n\n\n<\/h2>\t\t\t\t<\/div>\n\t\t\t\t<\/div>\n\t\t\t\t<div class=\"elementor-element elementor-element-b4e29c8 elementor-widget elementor-widget-text-editor\" data-id=\"b4e29c8\" data-element_type=\"widget\" data-e-type=\"widget\" data-widget_type=\"text-editor.default\">\n\t\t\t\t<div class=\"elementor-widget-container\">\n\t\t\t\t\t\t\t\t\t<p style=\"padding-left: 40px; text-align: left;\"><strong>Ici, on touche, on bouge, on cr\u00e9e, on s\u2019\u00e9merveille.<\/strong><\/p><p style=\"padding-left: 40px; text-align: left;\"><strong><span style=\"font-style: inherit;\">On se rencontre autrement.<\/span><\/strong><\/p><p style=\"padding-left: 40px; text-align: left;\"><strong>On apprend ensemble, par le corps, les sens et le jeu.<\/strong><\/p>\t\t\t\t\t\t\t\t<\/div>\n\t\t\t\t<\/div>\n\t\t\t\t<div class=\"elementor-element elementor-element-df9ee4e elementor-widget elementor-widget-heading\" data-id=\"df9ee4e\" data-element_type=\"widget\" data-e-type=\"widget\" data-widget_type=\"heading.default\">\n\t\t\t\t<div class=\"elementor-widget-container\">\n\t\t\t\t\t<h2 class=\"elementor-heading-title elementor-size-default\">Accompagner les familles autrement<\/h2>\t\t\t\t<\/div>\n\t\t\t\t<\/div>\n\t\t\t\t<div class=\"elementor-element elementor-element-507a40e elementor-widget elementor-widget-text-editor\" data-id=\"507a40e\" data-element_type=\"widget\" data-e-type=\"widget\" data-widget_type=\"text-editor.default\">\n\t\t\t\t<div class=\"elementor-widget-container\">\n\t\t\t\t\t\t\t\t\t<p>Les premi\u00e8res ann\u00e9es d\u2019un enfant sont un tourbillon d\u2019\u00e9motions, d\u2019\u00e9merveillement et parfois de doutes.<\/p><p><span style=\"font-style: inherit; font-weight: inherit;\">Mais elles sont aussi une p\u00e9riode extraordinaire pour cr\u00e9er du lien, d\u00e9couvrir le monde ensemble et se reconnecter au plaisir simple d\u2019\u00eatre avec son enfant.<\/span><\/p><p>Ma Parentalit\u00e9 \u00c9mois vous propose des espaces o\u00f9 :<\/p><p>\u00a0<\/p><ul><li><p>l\u2019enfant explore librement<\/p><\/li><li><p>le parent observe, accompagne et se laisse surprendre<\/p><\/li><li><p>le lien se renforce dans la joie, le mouvement et la cr\u00e9ativit\u00e9<\/p><\/li><li><p>chacun avance \u00e0 son rythme, sans pression, sans jugement<\/p><\/li><\/ul>\t\t\t\t\t\t\t\t<\/div>\n\t\t\t\t<\/div>\n\t\t\t\t<div class=\"elementor-element elementor-element-a31bb38 elementor-widget elementor-widget-heading\" data-id=\"a31bb38\" data-element_type=\"widget\" data-e-type=\"widget\" data-widget_type=\"heading.default\">\n\t\t\t\t<div class=\"elementor-widget-container\">\n\t\t\t\t\t<h2 class=\"elementor-heading-title elementor-size-default\">Je suis Cindy Naud\u00e9\n\n\n<\/h2>\t\t\t\t<\/div>\n\t\t\t\t<\/div>\n\t\t\t\t<div class=\"elementor-element elementor-element-40d13a0 elementor-widget elementor-widget-text-editor\" data-id=\"40d13a0\" data-element_type=\"widget\" data-e-type=\"widget\" data-widget_type=\"text-editor.default\">\n\t\t\t\t<div class=\"elementor-widget-container\">\n\t\t\t\t\t\t\t\t\t<p>\u00c9ducatrice de jeunes enfants dipl\u00f4m\u00e9e d\u2019\u00c9tat depuis plus de 15 ans.<\/p><p><span style=\"font-style: inherit; font-weight: inherit;\">J\u2019accompagne aujourd\u2019hui les enfants de 18 mois \u00e0 4 ans et leurs parents \u00e0 travers des exp\u00e9riences sensorielles, corporelles et artistiques.<\/span><\/p><p>Mon intention : cr\u00e9er des espaces o\u00f9 l\u2019on peut souffler, jouer, explorer, se reconnecter\u2026 et se laisser guider par l\u2019enfant.<\/p><p>\ud83d\udc49 En savoir plus sur mon parcours (bouton \u201cQui suis-je ?\u201d<\/p>\t\t\t\t\t\t\t\t<\/div>\n\t\t\t\t<\/div>\n\t\t\t\t<div class=\"elementor-element elementor-element-5e1dde8 elementor-widget elementor-widget-button\" data-id=\"5e1dde8\" data-element_type=\"widget\" data-e-type=\"widget\" data-widget_type=\"button.default\">\n\t\t\t\t<div class=\"elementor-widget-container\">\n\t\t\t\t\t\t\t\t\t<div class=\"elementor-button-wrapper\">\n\t\t\t\t\t<a class=\"elementor-button elementor-button-link elementor-size-sm\" href=\"https:\/\/maparentalite-emois.fr\/index.php\/qui-suis-je\/\">\n\t\t\t\t\t\t<span class=\"elementor-button-content-wrapper\">\n\t\t\t\t\t\t\t\t\t<span class=\"elementor-button-text\">Qui suis-je?<\/span>\n\t\t\t\t\t<\/span>\n\t\t\t\t\t<\/a>\n\t\t\t\t<\/div>\n\t\t\t\t\t\t\t\t<\/div>\n\t\t\t\t<\/div>\n\t\t\t\t\t<\/div>\n\t\t\t\t<\/div>\n\t\t<div class=\"elementor-element elementor-element-9469f6e e-grid e-con-boxed e-con e-parent\" data-id=\"9469f6e\" data-element_type=\"container\" data-e-type=\"container\">\n\t\t\t\t\t<div class=\"e-con-inner\">\n\t\t\t\t<div class=\"elementor-element elementor-element-8a8c7a8 image-ronde elementor-widget elementor-widget-image\" data-id=\"8a8c7a8\" data-element_type=\"widget\" data-e-type=\"widget\" data-widget_type=\"image.default\">\n\t\t\t\t<div class=\"elementor-widget-container\">\n\t\t\t\t\t\t\t\t\t\t\t\t\t\t\t<img decoding=\"async\" width=\"211\" height=\"220\" src=\"https:\/\/maparentalite-emois.fr\/wp-content\/uploads\/2024\/12\/IMG_8073.jpg\" class=\"attachment-large size-large wp-image-1050\" alt=\"\" \/>\t\t\t\t\t\t\t\t\t\t\t\t\t\t\t<\/div>\n\t\t\t\t<\/div>\n\t\t\t\t\t<\/div>\n\t\t\t\t<\/div>\n\t\t<div class=\"elementor-element elementor-element-9561eda e-flex e-con-boxed e-con e-parent\" data-id=\"9561eda\" data-element_type=\"container\" data-e-type=\"container\">\n\t\t\t\t\t<div class=\"e-con-inner\">\n\t\t<div class=\"elementor-element elementor-element-fa66c8e e-con-full e-flex e-con e-child\" data-id=\"fa66c8e\" data-element_type=\"container\" data-e-type=\"container\">\n\t\t\t\t<div class=\"elementor-element elementor-element-b90a0f6 elementor-widget elementor-widget-heading\" data-id=\"b90a0f6\" data-element_type=\"widget\" data-e-type=\"widget\" data-widget_type=\"heading.default\">\n\t\t\t\t<div class=\"elementor-widget-container\">\n\t\t\t\t\t<h2 class=\"elementor-heading-title elementor-size-default\"><b><i>        Mes propositions\n<\/i><\/b>\n\n<\/h2>\t\t\t\t<\/div>\n\t\t\t\t<\/div>\n\t\t\t\t<\/div>\n\t\t\t\t<div class=\"elementor-element elementor-element-34c1a84 elementor-widget elementor-widget-text-editor\" data-id=\"34c1a84\" data-element_type=\"widget\" data-e-type=\"widget\" data-widget_type=\"text-editor.default\">\n\t\t\t\t<div class=\"elementor-widget-container\">\n\t\t\t\t\t\t\t\t\t<h2>YES SPACE \u2013 Explorations sensorielles &amp; peinture<\/h2><p>\u00a0<\/p><p>Un espace du OUI, 100 % s\u00e9curis\u00e9, o\u00f9 l\u2019enfant peut peindre, toucher, patouiller et exp\u00e9rimenter librement.<\/p><p>Un moment pour cr\u00e9er ensemble, se salir sans stress, et savourer une immersion joyeuse.<\/p>\t\t\t\t\t\t\t\t<\/div>\n\t\t\t\t<\/div>\n\t\t\t\t<div class=\"elementor-element elementor-element-8e199d4 image-ronde elementor-widget elementor-widget-image\" data-id=\"8e199d4\" data-element_type=\"widget\" data-e-type=\"widget\" data-widget_type=\"image.default\">\n\t\t\t\t<div class=\"elementor-widget-container\">\n\t\t\t\t\t\t\t\t\t\t\t\t\t\t\t<img decoding=\"async\" width=\"1024\" height=\"1024\" src=\"https:\/\/maparentalite-emois.fr\/wp-content\/uploads\/2025\/11\/3-1-1024x1024.jpg\" class=\"attachment-large size-large wp-image-1393\" alt=\"\" srcset=\"https:\/\/maparentalite-emois.fr\/wp-content\/uploads\/2025\/11\/3-1-1024x1024.jpg 1024w, https:\/\/maparentalite-emois.fr\/wp-content\/uploads\/2025\/11\/3-1-300x300.jpg 300w, https:\/\/maparentalite-emois.fr\/wp-content\/uploads\/2025\/11\/3-1-150x150.jpg 150w, https:\/\/maparentalite-emois.fr\/wp-content\/uploads\/2025\/11\/3-1-768x768.jpg 768w, https:\/\/maparentalite-emois.fr\/wp-content\/uploads\/2025\/11\/3-1.jpg 1080w\" sizes=\"(max-width: 1024px) 100vw, 1024px\" \/>\t\t\t\t\t\t\t\t\t\t\t\t\t\t\t<\/div>\n\t\t\t\t<\/div>\n\t\t\t\t<div class=\"elementor-element elementor-element-50c2a58 image-ronde elementor-widget elementor-widget-image\" data-id=\"50c2a58\" data-element_type=\"widget\" data-e-type=\"widget\" data-widget_type=\"image.default\">\n\t\t\t\t<div class=\"elementor-widget-container\">\n\t\t\t\t\t\t\t\t\t\t\t\t\t\t\t<img loading=\"lazy\" decoding=\"async\" width=\"1024\" height=\"1024\" src=\"https:\/\/maparentalite-emois.fr\/wp-content\/uploads\/2025\/11\/5-1-1024x1024.png\" class=\"attachment-large size-large wp-image-1398\" alt=\"\" srcset=\"https:\/\/maparentalite-emois.fr\/wp-content\/uploads\/2025\/11\/5-1-1024x1024.png 1024w, https:\/\/maparentalite-emois.fr\/wp-content\/uploads\/2025\/11\/5-1-300x300.png 300w, https:\/\/maparentalite-emois.fr\/wp-content\/uploads\/2025\/11\/5-1-150x150.png 150w, https:\/\/maparentalite-emois.fr\/wp-content\/uploads\/2025\/11\/5-1-768x768.png 768w, https:\/\/maparentalite-emois.fr\/wp-content\/uploads\/2025\/11\/5-1.png 1080w\" sizes=\"(max-width: 1024px) 100vw, 1024px\" \/>\t\t\t\t\t\t\t\t\t\t\t\t\t\t\t<\/div>\n\t\t\t\t<\/div>\n\t\t\t\t<div class=\"elementor-element elementor-element-c295418 elementor-widget elementor-widget-text-editor\" data-id=\"c295418\" data-element_type=\"widget\" data-e-type=\"widget\" data-widget_type=\"text-editor.default\">\n\t\t\t\t<div class=\"elementor-widget-container\">\n\t\t\t\t\t\t\t\t\t<h2>\u00c9veil corporel &amp; yoga parent-enfant<\/h2><p>\u00a0<\/p><p>Des ateliers de mouvement, de jeu et de motricit\u00e9 pour s\u2019\u00e9veiller ensemble, renforcer la confiance du tout-petit et nourrir la relation.<\/p>\t\t\t\t\t\t\t\t<\/div>\n\t\t\t\t<\/div>\n\t\t\t\t<div class=\"elementor-element elementor-element-568a17a image-ronde elementor-widget elementor-widget-image\" data-id=\"568a17a\" data-element_type=\"widget\" data-e-type=\"widget\" data-widget_type=\"image.default\">\n\t\t\t\t<div class=\"elementor-widget-container\">\n\t\t\t\t\t\t\t\t\t\t\t\t\t\t\t<img loading=\"lazy\" decoding=\"async\" width=\"1024\" height=\"1024\" src=\"https:\/\/maparentalite-emois.fr\/wp-content\/uploads\/2025\/05\/57-1024x1024.png\" class=\"attachment-large size-large wp-image-1168\" alt=\"\" srcset=\"https:\/\/maparentalite-emois.fr\/wp-content\/uploads\/2025\/05\/57-1024x1024.png 1024w, https:\/\/maparentalite-emois.fr\/wp-content\/uploads\/2025\/05\/57-300x300.png 300w, https:\/\/maparentalite-emois.fr\/wp-content\/uploads\/2025\/05\/57-150x150.png 150w, https:\/\/maparentalite-emois.fr\/wp-content\/uploads\/2025\/05\/57-768x768.png 768w, https:\/\/maparentalite-emois.fr\/wp-content\/uploads\/2025\/05\/57.png 1080w\" sizes=\"(max-width: 1024px) 100vw, 1024px\" \/>\t\t\t\t\t\t\t\t\t\t\t\t\t\t\t<\/div>\n\t\t\t\t<\/div>\n\t\t<div class=\"elementor-element elementor-element-6943c48 e-con-full e-flex e-con e-child\" data-id=\"6943c48\" data-element_type=\"container\" data-e-type=\"container\">\n\t\t\t\t<div class=\"elementor-element elementor-element-ce288b2 image-ronde elementor-widget elementor-widget-image\" data-id=\"ce288b2\" data-element_type=\"widget\" data-e-type=\"widget\" data-widget_type=\"image.default\">\n\t\t\t\t<div class=\"elementor-widget-container\">\n\t\t\t\t\t\t\t\t\t\t\t\t\t\t\t<img loading=\"lazy\" decoding=\"async\" width=\"600\" height=\"400\" src=\"https:\/\/maparentalite-emois.fr\/wp-content\/uploads\/2025\/10\/Design-sans-titre-30.png\" class=\"attachment-large size-large wp-image-1358\" alt=\"\" srcset=\"https:\/\/maparentalite-emois.fr\/wp-content\/uploads\/2025\/10\/Design-sans-titre-30.png 600w, https:\/\/maparentalite-emois.fr\/wp-content\/uploads\/2025\/10\/Design-sans-titre-30-300x200.png 300w\" sizes=\"(max-width: 600px) 100vw, 600px\" \/>\t\t\t\t\t\t\t\t\t\t\t\t\t\t\t<\/div>\n\t\t\t\t<\/div>\n\t\t\t\t<\/div>\n\t\t\t\t<div class=\"elementor-element elementor-element-33ada3f elementor-widget elementor-widget-text-editor\" data-id=\"33ada3f\" data-element_type=\"widget\" data-e-type=\"widget\" data-widget_type=\"text-editor.default\">\n\t\t\t\t<div class=\"elementor-widget-container\">\n\t\t\t\t\t\t\t\t\t<h2>Explorations artistiques &amp; cr\u00e9atives<\/h2><p>\u00a0<\/p><p>Des espaces inspir\u00e9s du jeu libre, des p\u00e9dagogies actives et de l\u2019art pour d\u00e9velopper la cr\u00e9ativit\u00e9, la concentration et l\u2019expression personnelle de l\u2019enfant.<\/p>\t\t\t\t\t\t\t\t<\/div>\n\t\t\t\t<\/div>\n\t\t<div class=\"elementor-element elementor-element-d16a7cd e-con-full e-flex e-con e-child\" data-id=\"d16a7cd\" data-element_type=\"container\" data-e-type=\"container\">\n\t\t\t\t<div class=\"elementor-element elementor-element-f4d19c5 image-ronde elementor-widget elementor-widget-image\" data-id=\"f4d19c5\" data-element_type=\"widget\" data-e-type=\"widget\" data-widget_type=\"image.default\">\n\t\t\t\t<div class=\"elementor-widget-container\">\n\t\t\t\t\t\t\t\t\t\t\t\t\t\t\t<img loading=\"lazy\" decoding=\"async\" width=\"1080\" height=\"1080\" src=\"https:\/\/maparentalite-emois.fr\/wp-content\/uploads\/2025\/11\/13-1.png\" class=\"attachment-full size-full wp-image-1409\" alt=\"\" srcset=\"https:\/\/maparentalite-emois.fr\/wp-content\/uploads\/2025\/11\/13-1.png 1080w, https:\/\/maparentalite-emois.fr\/wp-content\/uploads\/2025\/11\/13-1-300x300.png 300w, https:\/\/maparentalite-emois.fr\/wp-content\/uploads\/2025\/11\/13-1-1024x1024.png 1024w, https:\/\/maparentalite-emois.fr\/wp-content\/uploads\/2025\/11\/13-1-150x150.png 150w, https:\/\/maparentalite-emois.fr\/wp-content\/uploads\/2025\/11\/13-1-768x768.png 768w\" sizes=\"(max-width: 1080px) 100vw, 1080px\" \/>\t\t\t\t\t\t\t\t\t\t\t\t\t\t\t<\/div>\n\t\t\t\t<\/div>\n\t\t\t\t<div class=\"elementor-element elementor-element-d07adf4 elementor-widget elementor-widget-text-editor\" data-id=\"d07adf4\" data-element_type=\"widget\" data-e-type=\"widget\" data-widget_type=\"text-editor.default\">\n\t\t\t\t<div class=\"elementor-widget-container\">\n\t\t\t\t\t\t\t\t\t<h1>Pour qui ?<\/h1><p>\u00a0<\/p><p>Pour toutes les familles, sans exception :<\/p><p>familles homoparentales, monoparentales, recompos\u00e9es, adoptives, curieuses, sensibles, fatigu\u00e9es ou joyeuses.<\/p><p>Ici, vous \u00eates les bienvenus tels que vous \u00eates.<\/p>\t\t\t\t\t\t\t\t<\/div>\n\t\t\t\t<\/div>\n\t\t\t\t<\/div>\n\t\t\t\t<div class=\"elementor-element elementor-element-eead8fd elementor-widget elementor-widget-text-editor\" data-id=\"eead8fd\" data-element_type=\"widget\" data-e-type=\"widget\" data-widget_type=\"text-editor.default\">\n\t\t\t\t<div class=\"elementor-widget-container\">\n\t\t\t\t\t\t\t\t\t<h1>Ma philosophie<\/h1><p>\u00a0<\/p><p>Ici :<\/p><p><img decoding=\"async\" class=\"an1\" draggable=\"false\" src=\"https:\/\/fonts.gstatic.com\/s\/e\/notoemoji\/16.0\/2714\/32.png\" alt=\"\u2714\" data-emoji=\"\u2714\" aria-label=\"\u2714\" \/>\u00a0pas de performance<\/p><p><img decoding=\"async\" class=\"an1\" draggable=\"false\" src=\"https:\/\/fonts.gstatic.com\/s\/e\/notoemoji\/16.0\/2714\/32.png\" alt=\"\u2714\" data-emoji=\"\u2714\" aria-label=\"\u2714\" \/>\u00a0pas d\u2019attente de r\u00e9sultat<\/p><p><img decoding=\"async\" class=\"an1\" draggable=\"false\" src=\"https:\/\/fonts.gstatic.com\/s\/e\/notoemoji\/16.0\/2714\/32.png\" alt=\"\u2714\" data-emoji=\"\u2714\" aria-label=\"\u2714\" \/>\u00a0pas de pression parentale<\/p><p><img decoding=\"async\" class=\"an1\" draggable=\"false\" src=\"https:\/\/fonts.gstatic.com\/s\/e\/notoemoji\/16.0\/2714\/32.png\" alt=\"\u2714\" data-emoji=\"\u2714\" aria-label=\"\u2714\" \/>\u00a0pas de mod\u00e8le \u00e9ducatif impos\u00e9<\/p><p>Juste un espace doux, libre et s\u00e9curisant o\u00f9 le parent et l\u2019enfant peuvent :<\/p><p><img decoding=\"async\" class=\"an1\" draggable=\"false\" src=\"https:\/\/fonts.gstatic.com\/s\/e\/notoemoji\/16.0\/2728\/32.png\" alt=\"\u2728\" data-emoji=\"\u2728\" aria-label=\"\u2728\" \/>\u00a0vivre<\/p><p><img decoding=\"async\" class=\"an1\" draggable=\"false\" src=\"https:\/\/fonts.gstatic.com\/s\/e\/notoemoji\/16.0\/2728\/32.png\" alt=\"\u2728\" data-emoji=\"\u2728\" aria-label=\"\u2728\" \/>\u00a0ressentir<\/p><p><img decoding=\"async\" class=\"an1\" draggable=\"false\" src=\"https:\/\/fonts.gstatic.com\/s\/e\/notoemoji\/16.0\/2728\/32.png\" alt=\"\u2728\" data-emoji=\"\u2728\" aria-label=\"\u2728\" \/>\u00a0bouger<\/p><p><img decoding=\"async\" class=\"an1\" draggable=\"false\" src=\"https:\/\/fonts.gstatic.com\/s\/e\/notoemoji\/16.0\/2728\/32.png\" alt=\"\u2728\" data-emoji=\"\u2728\" aria-label=\"\u2728\" \/>\u00a0cr\u00e9er<\/p><p><img decoding=\"async\" class=\"an1\" draggable=\"false\" src=\"https:\/\/fonts.gstatic.com\/s\/e\/notoemoji\/16.0\/2728\/32.png\" alt=\"\u2728\" data-emoji=\"\u2728\" aria-label=\"\u2728\" \/>\u00a0se retrouver<\/p>\t\t\t\t\t\t\t\t<\/div>\n\t\t\t\t<\/div>\n\t\t<div class=\"elementor-element elementor-element-596e4bc e-con-full e-flex e-con e-child\" data-id=\"596e4bc\" data-element_type=\"container\" data-e-type=\"container\">\n\t\t\t\t<div class=\"elementor-element elementor-element-e15b867 elementor-widget elementor-widget-text-editor\" data-id=\"e15b867\" data-element_type=\"widget\" data-e-type=\"widget\" data-widget_type=\"text-editor.default\">\n\t\t\t\t<div class=\"elementor-widget-container\">\n\t\t\t\t\t\t\t\t\t<div><h1>Rejoignez l\u2019aventure !<\/h1><p>D\u00e9couvrez les prochaines dates, les ateliers disponibles ou r\u00e9servez votre moment parent-enfant.<\/p><p><img decoding=\"async\" class=\"an1\" draggable=\"false\" src=\"https:\/\/fonts.gstatic.com\/s\/e\/notoemoji\/16.0\/1f449\/32.png\" alt=\"\ud83d\udc49\" data-emoji=\"\ud83d\udc49\" aria-label=\"\ud83d\udc49\" \/>\u00a0Voir mes propositions<\/p><p><img decoding=\"async\" class=\"an1\" draggable=\"false\" src=\"https:\/\/fonts.gstatic.com\/s\/e\/notoemoji\/16.0\/1f449\/32.png\" alt=\"\ud83d\udc49\" data-emoji=\"\ud83d\udc49\" aria-label=\"\ud83d\udc49\" \/> R\u00e9server un atelier<\/p><\/div><p>N&rsquo;h\u00e9sitez pas \u00e0 visiter toutes mes prestations, \u00e0\u00a0 me contacter pour discuter de vos besoins et d\u00e9couvrir comment je peux vous accompagner dans cette belle aventure de la parentalit\u00e9.<\/p><p>A domicile, en structure ou autre je me d\u00e9place \u00e0 Montpellier et alentours.<\/p><p>N&rsquo;h\u00e9sitez pas \u00e0 cliquer sur mon mail en cas de question pr\u00e9cise:<\/p><p><a href=\"mailto:maparentaliteemois@gmail.com\"><b><u>maparentaliteemois@gmail.com<\/u><\/b><\/a><\/p><p>ou\u00a006 84 52 16 59.<\/p>\t\t\t\t\t\t\t\t<\/div>\n\t\t\t\t<\/div>\n\t\t\t\t<\/div>\n\t\t\t\t\t<\/div>\n\t\t\t\t<\/div>\n\t\t<div class=\"elementor-element elementor-element-66305a6 e-flex e-con-boxed e-con e-parent\" data-id=\"66305a6\" data-element_type=\"container\" data-e-type=\"container\">\n\t\t\t\t\t<div class=\"e-con-inner\">\n\t\t\t\t\t<\/div>\n\t\t\t\t<\/div>\n\t\t\t\t<\/div>\n\t\t","protected":false},"excerpt":{"rendered":"<p>Plannings et inscriptions ateliers collectifs Bienvenue dans l&rsquo;univers de Ma parentalit\u00e9 \u00e9mois. Des espaces d\u2019exploration, de mouvement et de cr\u00e9ativit\u00e9 [&hellip;]<\/p>\n","protected":false},"author":1,"featured_media":0,"parent":0,"menu_order":0,"comment_status":"closed","ping_status":"closed","template":"elementor_header_footer","meta":{"site-sidebar-layout":"default","site-content-layout":"","ast-site-content-layout":"default","site-content-style":"default","site-sidebar-style":"default","ast-global-header-display":"","ast-banner-title-visibility":"","ast-main-header-display":"","ast-hfb-above-header-display":"","ast-hfb-below-header-display":"","ast-hfb-mobile-header-display":"","site-post-title":"disabled","ast-breadcrumbs-content":"","ast-featured-img":"","footer-sml-layout":"","ast-disable-related-posts":"","theme-transparent-header-meta":"default","adv-header-id-meta":"","stick-header-meta":"","header-above-stick-meta":"","header-main-stick-meta":"","header-below-stick-meta":"","astra-migrate-meta-layouts":"set","ast-page-background-enabled":"default","ast-page-background-meta":{"desktop":{"background-color":"var(--ast-global-color-4)","background-image":"","background-repeat":"repeat","background-position":"center center","background-size":"auto","background-attachment":"scroll","background-type":"","background-media":"","overlay-type":"","overlay-color":"","overlay-opacity":"","overlay-gradient":""},"tablet":{"background-color":"","background-image":"","background-repeat":"repeat","background-position":"center center","background-size":"auto","background-attachment":"scroll","background-type":"","background-media":"","overlay-type":"","overlay-color":"","overlay-opacity":"","overlay-gradient":""},"mobile":{"background-color":"","background-image":"","background-repeat":"repeat","background-position":"center center","background-size":"auto","background-attachment":"scroll","background-type":"","background-media":"","overlay-type":"","overlay-color":"","overlay-opacity":"","overlay-gradient":""}},"ast-content-background-meta":{"desktop":{"background-color":"var(--ast-global-color-5)","background-image":"","background-repeat":"repeat","background-position":"center center","background-size":"auto","background-attachment":"scroll","background-type":"","background-media":"","overlay-type":"","overlay-color":"","overlay-opacity":"","overlay-gradient":""},"tablet":{"background-color":"var(--ast-global-color-5)","background-image":"","background-repeat":"repeat","background-position":"center center","background-size":"auto","background-attachment":"scroll","background-type":"","background-media":"","overlay-type":"","overlay-color":"","overlay-opacity":"","overlay-gradient":""},"mobile":{"background-color":"var(--ast-global-color-5)","background-image":"","background-repeat":"repeat","background-position":"center center","background-size":"auto","background-attachment":"scroll","background-type":"","background-media":"","overlay-type":"","overlay-color":"","overlay-opacity":"","overlay-gradient":""}},"footnotes":""},"class_list":["post-110","page","type-page","status-publish","hentry"],"_links":{"self":[{"href":"https:\/\/maparentalite-emois.fr\/index.php\/wp-json\/wp\/v2\/pages\/110","targetHints":{"allow":["GET"]}}],"collection":[{"href":"https:\/\/maparentalite-emois.fr\/index.php\/wp-json\/wp\/v2\/pages"}],"about":[{"href":"https:\/\/maparentalite-emois.fr\/index.php\/wp-json\/wp\/v2\/types\/page"}],"author":[{"embeddable":true,"href":"https:\/\/maparentalite-emois.fr\/index.php\/wp-json\/wp\/v2\/users\/1"}],"replies":[{"embeddable":true,"href":"https:\/\/maparentalite-emois.fr\/index.php\/wp-json\/wp\/v2\/comments?post=110"}],"version-history":[{"count":177,"href":"https:\/\/maparentalite-emois.fr\/index.php\/wp-json\/wp\/v2\/pages\/110\/revisions"}],"predecessor-version":[{"id":1429,"href":"https:\/\/maparentalite-emois.fr\/index.php\/wp-json\/wp\/v2\/pages\/110\/revisions\/1429"}],"wp:attachment":[{"href":"https:\/\/maparentalite-emois.fr\/index.php\/wp-json\/wp\/v2\/media?parent=110"}],"curies":[{"name":"wp","href":"https:\/\/api.w.org\/{rel}","templated":true}]}}